{"id":4087,"date":"2024-09-09T06:37:51","date_gmt":"2024-09-09T04:37:51","guid":{"rendered":"https:\/\/www.viladomatofimatica.cat\/aviso-legal-politica-privacidad\/"},"modified":"2024-09-26T11:05:39","modified_gmt":"2024-09-26T09:05:39","slug":"avis-legal-politica-privacitat","status":"publish","type":"page","link":"https:\/\/www.viladomatofimatica.cat\/ca\/avis-legal-politica-privacitat\/","title":{"rendered":"Av\u00eds Legal i Pol\u00edtica de Privacitat"},"content":{"rendered":"<div class=\"wpb-content-wrapper\">[vc_row pix_particles_check=&#8221;&#8221;][vc_column][vc_column_text css=&#8221;&#8221;]<strong>VILADOMAT OFIM\u00c0TICA, S.L.<\/strong> amb CIF B67514034 garanteix que totes les dades recollides a trav\u00e9s del formulari seran utilitzades en la forma i amb les limitacions que concedeix la Llei Org\u00e0nica 15\/1999, de 13 de desembre de Protecci\u00f3 de Dats de Car\u00e0cter Personal (<span class=\"hiddenSpellError\">LOPD<\/span>). El tractament i la gesti\u00f3 dels mateixos compleix amb l&#8217;estipulat al <span class=\"hiddenGrammarError\">Reial Decret<\/span> 994\/1999, de l&#8217;11 de juny, pel qual s&#8217;aprova el Reglament de mesures de seguretat dels fitxers automatitzats que contenguin dades de car\u00e0cter personal.\r\n\r\nVost\u00e8 autoritza VILADOMAT OFIM\u00c0TICA, S.L. amb CIF B67514034 per a l&#8217;\u00fas i el tractament inform\u00e0tic de les dades personals que faciliti, que seran utilitzades per proporcionar-li informaci\u00f3 de les nostres activitats, la promoci\u00f3 dels nostres serveis de Viladomat | Ofim\u00e0tica-Hoteleria, i amb finalitats hist\u00f2riques.\r\n\r\nVost\u00e8 podr\u00e0 exercir els seus drets d&#8217;acc\u00e9s, rectificaci\u00f3, oposici\u00f3 i cancel\u00b7laci\u00f3 de les seves dades personals, de conformitat amb el que estableix la normativa vigent sobre protecci\u00f3 de dades personals, dirigint-se a VILADOMAT OFIM\u00c0TICA, S.L.(Diagonal 71, 08271 Art\u00e9s<span class=\"hiddenGrammarError\"> )<\/span> \u2022 <a href=\"mailto:info@viladomatofimatica.cat\" target=\"_blank\" rel=\"noopener\">info@viladomatofimatica.cat<\/a><span class=\"hiddenGrammarError\">)<\/span>\r\n\r\n<strong>Pol\u00edtica de dades<\/strong>\r\n\r\n<strong>1. General<\/strong>\r\nVILADOMAT OFIM\u00c0TICA, S.L. amb CIF B67514034, garanteix expressament que les dades que vost\u00e8 ens faciliti s\u00f3n mantingudes amb absoluta confidencialitat.\r\n\r\n<strong>2. Tractament de les vostres dades personals<\/strong>\r\nAmb la finalitat de processar els seus comandaments i de cedir els drets de reproducci\u00f3 de les imatges als nostres clients, requerim que ens facilitin algunes dades personals com nom i cognoms, adre\u00e7a, tel\u00e8fon, e-mail, <span class=\"hiddenGrammarError\">etc<\/span>, els quals s\u00f3n tractats de forma informatitzada. Vost\u00e8 autoritza expressament que aquestes dades siguin arxivades a la nostra base de dades de clients per a \u00fas intern.\r\n\r\nTal com ho ha establert a la Llei Org\u00e0nica 15\/99, del 13 de desembre de Protecci\u00f3 de Dades de Car\u00e0cter Personal la normativa de desenvolupament, vost\u00e8 pot, en qualsevol moment accedir, modificar o sol\u00b7licitar que cancel\u00b7lem la seva informaci\u00f3 personal de la nostra base de dades a trav\u00e9s de la nostra p\u00e0gina web o b\u00e9 enviant un correu electr\u00f2nic a <span class=\"hiddenGrammarError\"><a href=\"mailto:info@viladomatofimatica.cat\" target=\"_blank\" rel=\"noopener\">info@viladomatofimatica.cat<\/a>.<\/span>\r\n\r\nEl tractament i la gesti\u00f3 dels mateixos compleix amb l&#8217;estipulat al <span class=\"hiddenGrammarError\">Reial Decret<\/span> 994\/1999, de l&#8217;11 de juny, pel qual s&#8217;aprova el reglament de mesures de seguretat dels fitxers automatitzats que contenguin dades de car\u00e0cter personal.\r\n\r\nVILADOMAT OFIM\u00c0TICA, S.L. amb CIF B67514034, en cap concepte, veuen informaci\u00f3 sobre els seus clients a tercers ni cedir\u00e0 cap informaci\u00f3 de les seves dades.\r\n\r\n<strong>3. Seguretat<\/strong>\r\nVILADOMAT OFIM\u00c0TICA, S.L. amb CIF B67514034, pren les mesures oportunes per protegir la confidencialitat de la seva informaci\u00f3 personal. \u00danicament treballadors autoritzats tenen acc\u00e9s a les bases de dades que emmagatzemin informaci\u00f3 de l&#8217;usuari o als servidors que allotgen el nostre servei.\r\n\r\n<strong>4. Modificacions<\/strong>\r\nVILADOMAT OFIM\u00c0TICA, S.L. amb CIF B67514034, es reserva el dret de modificar la seva pol\u00edtica de confidencialitat a causa d&#8217;un canvi legislatiu, jurisprudencial o d&#8217;acord amb el seu criteri o pol\u00edtica empresarial.\r\n\r\nDavant qualsevol dubte o aclariment referent a la nostra pol\u00edtica de confidencialitat, us plau poseu-vos en contacte amb nosaltres a <a href=\"mailto:info@viladomatofimatica.cat\" target=\"_blank\" rel=\"noopener\">info@viladomatofimatica.cat<\/a>.[\/vc_column_text][\/vc_column][\/vc_row]<\/div>","protected":false},"excerpt":{"rendered":"[vc_row pix_particles_check=&#8221;&#8221;][vc_column][vc_column_text css=&#8221;&#8221;]VILADOMAT OFIM\u00c0TICA, S.L. amb CIF B67514034 garanteix que totes les dades recollides a trav\u00e9s del formulari seran utilitzades en la forma i amb les limitacions que concedeix la Llei Org\u00e0nica 15\/1999, de 13 de desembre de Protecci\u00f3 de&#8230;","protected":false},"author":1,"featured_media":0,"parent":0,"menu_order":0,"comment_status":"closed","ping_status":"closed","template":"","meta":{"footnotes":""},"class_list":["post-4087","page","type-page","status-publish","hentry"],"yoast_head":"<!-- This site is optimized with the Yoast SEO plugin v27.2 - https:\/\/yoast.com\/product\/yoast-seo-wordpress\/ -->\n<title>Av\u00eds Legal i Pol\u00edtica de Privacitat - Viladomat Ofim\u00e0tica - Mobiliari hosteleria i ofim\u00e0tica a Manresa, Vic, Berga<\/title>\n<meta name=\"robots\" content=\"index, follow, max-snippet:-1, max-image-preview:large, max-video-preview:-1\" \/>\n<link rel=\"canonical\" href=\"https:\/\/www.viladomatofimatica.cat\/ca\/avis-legal-politica-privacitat\/\" \/>\n<meta property=\"og:locale\" content=\"ca_ES\" \/>\n<meta property=\"og:type\" content=\"article\" \/>\n<meta property=\"og:title\" content=\"Av\u00eds Legal i Pol\u00edtica de Privacitat - Viladomat Ofim\u00e0tica - Mobiliari hosteleria i ofim\u00e0tica a Manresa, Vic, Berga\" \/>\n<meta property=\"og:description\" content=\"[vc_row pix_particles_check=&#8221;&#8221;][vc_column][vc_column_text css=&#8221;&#8221;]VILADOMAT OFIM\u00c0TICA, S.L. amb CIF B67514034 garanteix que totes les dades recollides a trav\u00e9s del formulari seran utilitzades en la forma i amb les limitacions que concedeix la Llei Org\u00e0nica 15\/1999, de 13 de desembre de Protecci\u00f3 de...\" \/>\n<meta property=\"og:url\" content=\"https:\/\/www.viladomatofimatica.cat\/ca\/avis-legal-politica-privacitat\/\" \/>\n<meta property=\"og:site_name\" content=\"Viladomat Ofim\u00e0tica - Mobiliari hosteleria i ofim\u00e0tica a Manresa, Vic, Berga\" \/>\n<meta property=\"article:modified_time\" content=\"2024-09-26T09:05:39+00:00\" \/>\n<meta name=\"twitter:card\" content=\"summary_large_image\" \/>\n<meta name=\"twitter:label1\" content=\"Temps estimat de lectura\" \/>\n\t<meta name=\"twitter:data1\" content=\"3 minuts\" \/>\n<script type=\"application\/ld+json\" class=\"yoast-schema-graph\">{\"@context\":\"https:\/\/schema.org\",\"@graph\":[{\"@type\":\"WebPage\",\"@id\":\"https:\/\/www.viladomatofimatica.cat\/ca\/avis-legal-politica-privacitat\/\",\"url\":\"https:\/\/www.viladomatofimatica.cat\/ca\/avis-legal-politica-privacitat\/\",\"name\":\"Av\u00eds Legal i Pol\u00edtica de Privacitat - Viladomat Ofim\u00e0tica - Mobiliari hosteleria i ofim\u00e0tica a Manresa, Vic, Berga\",\"isPartOf\":{\"@id\":\"https:\/\/www.viladomatofimatica.cat\/ca\/#website\"},\"datePublished\":\"2024-09-09T04:37:51+00:00\",\"dateModified\":\"2024-09-26T09:05:39+00:00\",\"breadcrumb\":{\"@id\":\"https:\/\/www.viladomatofimatica.cat\/ca\/avis-legal-politica-privacitat\/#breadcrumb\"},\"inLanguage\":\"ca\",\"potentialAction\":[{\"@type\":\"ReadAction\",\"target\":[\"https:\/\/www.viladomatofimatica.cat\/ca\/avis-legal-politica-privacitat\/\"]}]},{\"@type\":\"BreadcrumbList\",\"@id\":\"https:\/\/www.viladomatofimatica.cat\/ca\/avis-legal-politica-privacitat\/#breadcrumb\",\"itemListElement\":[{\"@type\":\"ListItem\",\"position\":1,\"name\":\"Portada\",\"item\":\"https:\/\/www.viladomatofimatica.cat\/ca\/inicio\/\"},{\"@type\":\"ListItem\",\"position\":2,\"name\":\"Av\u00eds Legal i Pol\u00edtica de Privacitat\"}]},{\"@type\":\"WebSite\",\"@id\":\"https:\/\/www.viladomatofimatica.cat\/ca\/#website\",\"url\":\"https:\/\/www.viladomatofimatica.cat\/ca\/\",\"name\":\"Viladomat Ofim\u00e0tica - Solucions hostaleria i ofim\u00e0tica a Manresa, Vic, Berga\",\"description\":\"Mobiliari hosteleria i ofimatica a Manresa, Vic, Berga\",\"publisher\":{\"@id\":\"https:\/\/www.viladomatofimatica.cat\/ca\/#organization\"},\"potentialAction\":[{\"@type\":\"SearchAction\",\"target\":{\"@type\":\"EntryPoint\",\"urlTemplate\":\"https:\/\/www.viladomatofimatica.cat\/ca\/?s={search_term_string}\"},\"query-input\":{\"@type\":\"PropertyValueSpecification\",\"valueRequired\":true,\"valueName\":\"search_term_string\"}}],\"inLanguage\":\"ca\"},{\"@type\":\"Organization\",\"@id\":\"https:\/\/www.viladomatofimatica.cat\/ca\/#organization\",\"name\":\"Viladomat Ofim\u00e0tica - Solucions hostaleria i ofim\u00e0tica a Manresa, Vic, Berga\",\"url\":\"https:\/\/www.viladomatofimatica.cat\/ca\/\",\"logo\":{\"@type\":\"ImageObject\",\"inLanguage\":\"ca\",\"@id\":\"https:\/\/www.viladomatofimatica.cat\/ca\/#\/schema\/logo\/image\/\",\"url\":\"https:\/\/www.viladomatofimatica.cat\/wp-content\/uploads\/2025\/03\/img-logo-viladomat-ofimatica-20251.jpg\",\"contentUrl\":\"https:\/\/www.viladomatofimatica.cat\/wp-content\/uploads\/2025\/03\/img-logo-viladomat-ofimatica-20251.jpg\",\"width\":250,\"height\":100,\"caption\":\"Viladomat Ofim\u00e0tica - Solucions hostaleria i ofim\u00e0tica a Manresa, Vic, Berga\"},\"image\":{\"@id\":\"https:\/\/www.viladomatofimatica.cat\/ca\/#\/schema\/logo\/image\/\"},\"sameAs\":[\"https:\/\/www.instagram.com\/viladomatofimatica\/\"]}]}<\/script>\n<!-- \/ Yoast SEO plugin. -->","yoast_head_json":{"title":"Av\u00eds Legal i Pol\u00edtica de Privacitat - Viladomat Ofim\u00e0tica - Mobiliari hosteleria i ofim\u00e0tica a Manresa, Vic, Berga","robots":{"index":"index","follow":"follow","max-snippet":"max-snippet:-1","max-image-preview":"max-image-preview:large","max-video-preview":"max-video-preview:-1"},"canonical":"https:\/\/www.viladomatofimatica.cat\/ca\/avis-legal-politica-privacitat\/","og_locale":"ca_ES","og_type":"article","og_title":"Av\u00eds Legal i Pol\u00edtica de Privacitat - Viladomat Ofim\u00e0tica - Mobiliari hosteleria i ofim\u00e0tica a Manresa, Vic, Berga","og_description":"[vc_row pix_particles_check=&#8221;&#8221;][vc_column][vc_column_text css=&#8221;&#8221;]VILADOMAT OFIM\u00c0TICA, S.L. amb CIF B67514034 garanteix que totes les dades recollides a trav\u00e9s del formulari seran utilitzades en la forma i amb les limitacions que concedeix la Llei Org\u00e0nica 15\/1999, de 13 de desembre de Protecci\u00f3 de...","og_url":"https:\/\/www.viladomatofimatica.cat\/ca\/avis-legal-politica-privacitat\/","og_site_name":"Viladomat Ofim\u00e0tica - Mobiliari hosteleria i ofim\u00e0tica a Manresa, Vic, Berga","article_modified_time":"2024-09-26T09:05:39+00:00","twitter_card":"summary_large_image","twitter_misc":{"Temps estimat de lectura":"3 minuts"},"schema":{"@context":"https:\/\/schema.org","@graph":[{"@type":"WebPage","@id":"https:\/\/www.viladomatofimatica.cat\/ca\/avis-legal-politica-privacitat\/","url":"https:\/\/www.viladomatofimatica.cat\/ca\/avis-legal-politica-privacitat\/","name":"Av\u00eds Legal i Pol\u00edtica de Privacitat - Viladomat Ofim\u00e0tica - Mobiliari hosteleria i ofim\u00e0tica a Manresa, Vic, Berga","isPartOf":{"@id":"https:\/\/www.viladomatofimatica.cat\/ca\/#website"},"datePublished":"2024-09-09T04:37:51+00:00","dateModified":"2024-09-26T09:05:39+00:00","breadcrumb":{"@id":"https:\/\/www.viladomatofimatica.cat\/ca\/avis-legal-politica-privacitat\/#breadcrumb"},"inLanguage":"ca","potentialAction":[{"@type":"ReadAction","target":["https:\/\/www.viladomatofimatica.cat\/ca\/avis-legal-politica-privacitat\/"]}]},{"@type":"BreadcrumbList","@id":"https:\/\/www.viladomatofimatica.cat\/ca\/avis-legal-politica-privacitat\/#breadcrumb","itemListElement":[{"@type":"ListItem","position":1,"name":"Portada","item":"https:\/\/www.viladomatofimatica.cat\/ca\/inicio\/"},{"@type":"ListItem","position":2,"name":"Av\u00eds Legal i Pol\u00edtica de Privacitat"}]},{"@type":"WebSite","@id":"https:\/\/www.viladomatofimatica.cat\/ca\/#website","url":"https:\/\/www.viladomatofimatica.cat\/ca\/","name":"Viladomat Ofim\u00e0tica - Solucions hostaleria i ofim\u00e0tica a Manresa, Vic, Berga","description":"Mobiliari hosteleria i ofimatica a Manresa, Vic, Berga","publisher":{"@id":"https:\/\/www.viladomatofimatica.cat\/ca\/#organization"},"potentialAction":[{"@type":"SearchAction","target":{"@type":"EntryPoint","urlTemplate":"https:\/\/www.viladomatofimatica.cat\/ca\/?s={search_term_string}"},"query-input":{"@type":"PropertyValueSpecification","valueRequired":true,"valueName":"search_term_string"}}],"inLanguage":"ca"},{"@type":"Organization","@id":"https:\/\/www.viladomatofimatica.cat\/ca\/#organization","name":"Viladomat Ofim\u00e0tica - Solucions hostaleria i ofim\u00e0tica a Manresa, Vic, Berga","url":"https:\/\/www.viladomatofimatica.cat\/ca\/","logo":{"@type":"ImageObject","inLanguage":"ca","@id":"https:\/\/www.viladomatofimatica.cat\/ca\/#\/schema\/logo\/image\/","url":"https:\/\/www.viladomatofimatica.cat\/wp-content\/uploads\/2025\/03\/img-logo-viladomat-ofimatica-20251.jpg","contentUrl":"https:\/\/www.viladomatofimatica.cat\/wp-content\/uploads\/2025\/03\/img-logo-viladomat-ofimatica-20251.jpg","width":250,"height":100,"caption":"Viladomat Ofim\u00e0tica - Solucions hostaleria i ofim\u00e0tica a Manresa, Vic, Berga"},"image":{"@id":"https:\/\/www.viladomatofimatica.cat\/ca\/#\/schema\/logo\/image\/"},"sameAs":["https:\/\/www.instagram.com\/viladomatofimatica\/"]}]}},"_links":{"self":[{"href":"https:\/\/www.viladomatofimatica.cat\/ca\/wp-json\/wp\/v2\/pages\/4087","targetHints":{"allow":["GET"]}}],"collection":[{"href":"https:\/\/www.viladomatofimatica.cat\/ca\/wp-json\/wp\/v2\/pages"}],"about":[{"href":"https:\/\/www.viladomatofimatica.cat\/ca\/wp-json\/wp\/v2\/types\/page"}],"author":[{"embeddable":true,"href":"https:\/\/www.viladomatofimatica.cat\/ca\/wp-json\/wp\/v2\/users\/1"}],"replies":[{"embeddable":true,"href":"https:\/\/www.viladomatofimatica.cat\/ca\/wp-json\/wp\/v2\/comments?post=4087"}],"version-history":[{"count":5,"href":"https:\/\/www.viladomatofimatica.cat\/ca\/wp-json\/wp\/v2\/pages\/4087\/revisions"}],"predecessor-version":[{"id":4106,"href":"https:\/\/www.viladomatofimatica.cat\/ca\/wp-json\/wp\/v2\/pages\/4087\/revisions\/4106"}],"wp:attachment":[{"href":"https:\/\/www.viladomatofimatica.cat\/ca\/wp-json\/wp\/v2\/media?parent=4087"}],"curies":[{"name":"wp","href":"https:\/\/api.w.org\/{rel}","templated":true}]}}