{"id":4094,"date":"2024-09-18T19:29:07","date_gmt":"2024-09-18T17:29:07","guid":{"rendered":"https:\/\/www.viladomatofimatica.cat\/condiciones-de-compra\/"},"modified":"2024-09-26T11:08:35","modified_gmt":"2024-09-26T09:08:35","slug":"condicions-de-compra","status":"publish","type":"page","link":"https:\/\/www.viladomatofimatica.cat\/ca\/condicions-de-compra\/","title":{"rendered":"Condicions de Compra"},"content":{"rendered":"<div class=\"wpb-content-wrapper\"><p>[vc_row pix_particles_check=&#8221;&#8221;][vc_column][vc_column_text css=&#8221;&#8221;]<\/p>\r\n<div id=\"productes\">\r\n<div class=\"text_12\"><br \/><strong>Preus:<\/strong><br \/>Aquesta oferta anul\u00b7la a totes les anteriors. Els preus d&#8217;aquesta oferta no inclouen el corresponent 21% d&#8217;IVA. Els preus poden ser modificats sense av\u00eds previ. Disposem, a m\u00e9s dels productes oferits en aquesta web, d&#8217;un cat\u00e0leg general amb m\u00e9s de mil refer\u00e8ncies. No dubti a sol\u00b7licitar-lo.<br \/><br \/><strong>Entrega de material:<\/strong><br \/>El termini d&#8217;entrega del material se li comunicar\u00e0 un cop efectuada la compra. En cas de no disposar d&#8217;algun article determinat en el moment de confeccionar la comanda, ens posarem en contacte amb el client i se l&#8217;informar\u00e0 del termini en el qual estar\u00e0 disponible. Les comandes s&#8217;atendran per rigor\u00f3s ordre de recepci\u00f3.<br \/><br \/><strong>Ports:<\/strong><br \/>Import fix de <span class=\"hiddenGrammarError\">15\u20ac<\/span> per a tota la pen\u00ednsula. Les comandes rebudes des de Can\u00e0ries tindran un suplement addicional en els ports.<br \/><br \/><strong>Reclamacions o devolucions:<\/strong><br \/>No s&#8217;admetran devolucions o reclamacions de productes passats <span class=\"hiddenGreenError\">15<\/span> dies des de l&#8217;entrega del material. El material a retornar es comunicar\u00e0 pr\u00e8viament via e-mail(<a href=\"mailto:info@viladomatonline.cat\" target=\"_blank\" rel=\"noopener\">info@viladomatonline.cat<\/a>) a les nostres oficines, i un cop retirat el material pel nostre equip de <span class=\"hiddenSpellError\">reparto<\/span> es realitzar\u00e0 l&#8217;abonament del preu del producte.<br \/><br \/><strong>Forma de pagament:<\/strong><\/div>\r\n<ul>\r\n<li class=\"text_12\"><strong>Transfer\u00e8ncia banc\u00e0ria:<\/strong> Transfer\u00e8ncia de l&#8217;import de la comanda al n\u00famero de compte corrent propietat de Viladomat \u2013 Ofim\u00e0tica \/ Hostaleria.<br \/>Compte Benefici\u00e0ria: 0049 0589 88 2610989009 (SANTANDER).<br \/>Indiqui en el concepte el n\u00famero de comanda, nom i DNI. La comanda no ser\u00e0 efectiva fins que la transfer\u00e8ncia consti en el nostre compte.<br \/>Si en el termini de cinc dies h\u00e0bils des de la realitzaci\u00f3 de la comanda, no rebem el pagament en el nostre compte, la comanda es cancel\u00b7lar\u00e0.<\/li>\r\n<li class=\"text_12\"><strong>Targeta de cr\u00e8dit:<\/strong> Aquest sistema \u00e9s v\u00e0lid per a targetes Visa\/Mastercard\/<span class=\"hiddenSpellError\">4B<\/span>, inserint el n\u00famero de targeta, data de caducitat i mitjan\u00e7ant una clau associada a la targeta que nom\u00e9s coneix el seu propietari. El pagament \u00e9s efectuat a trav\u00e9s d&#8217;una p\u00e0gina segura allotjada a l&#8217;entitat banc\u00e0ria (<span class=\"hiddenSpellError\">LaCaixa<\/span>), per tant, nom\u00e9s el client intercanviar\u00e0 les dades de la seva targeta de cr\u00e8dit amb aquesta entitat, nosaltres no tindrem en cap moment acc\u00e9s a aquestes dades, el banc s&#8217;encarregar\u00e0 de comunicar-nos si s&#8217;ha efectuat el pagament correctament.<\/li>\r\n<\/ul>\r\n<strong>Impagats:<\/strong><br \/>\u00c9s tamb\u00e9 norma general d&#8217;aquesta empresa no servir cap mena de comanda si es troba pendent de soluci\u00f3 el cobrament de material retornat o amb el seu venciment excessivament superat. Tamb\u00e9 anir\u00e0 a c\u00e0rrec del client les despeses de devoluci\u00f3 i demora.<\/div>\r\n<p>[\/vc_column_text][\/vc_column][\/vc_row]<\/p><\/div>","protected":false},"excerpt":{"rendered":"[vc_row pix_particles_check=&#8221;&#8221;][vc_column][vc_column_text css=&#8221;&#8221;] Preus:Aquesta oferta anul\u00b7la a totes les anteriors. Els preus d&#8217;aquesta oferta no inclouen el corresponent 21% d&#8217;IVA. Els preus poden ser modificats sense av\u00eds previ. Disposem, a m\u00e9s dels productes oferits en aquesta web, d&#8217;un cat\u00e0leg general&#8230;","protected":false},"author":1,"featured_media":0,"parent":0,"menu_order":0,"comment_status":"closed","ping_status":"closed","template":"","meta":{"footnotes":""},"class_list":["post-4094","page","type-page","status-publish","hentry"],"yoast_head":"<!-- This site is optimized with the Yoast SEO plugin v27.2 - https:\/\/yoast.com\/product\/yoast-seo-wordpress\/ -->\n<title>Condicions de Compra - Viladomat Ofim\u00e0tica - Mobiliari hosteleria i ofim\u00e0tica a Manresa, Vic, Berga<\/title>\n<meta name=\"robots\" content=\"index, follow, max-snippet:-1, max-image-preview:large, max-video-preview:-1\" \/>\n<link rel=\"canonical\" href=\"https:\/\/www.viladomatofimatica.cat\/ca\/condicions-de-compra\/\" \/>\n<meta property=\"og:locale\" content=\"ca_ES\" \/>\n<meta property=\"og:type\" content=\"article\" \/>\n<meta property=\"og:title\" content=\"Condicions de Compra - Viladomat Ofim\u00e0tica - Mobiliari hosteleria i ofim\u00e0tica a Manresa, Vic, Berga\" \/>\n<meta property=\"og:description\" content=\"[vc_row pix_particles_check=&#8221;&#8221;][vc_column][vc_column_text css=&#8221;&#8221;] Preus:Aquesta oferta anul\u00b7la a totes les anteriors. Els preus d&#8217;aquesta oferta no inclouen el corresponent 21% d&#8217;IVA. Els preus poden ser modificats sense av\u00eds previ. Disposem, a m\u00e9s dels productes oferits en aquesta web, d&#8217;un cat\u00e0leg general...\" \/>\n<meta property=\"og:url\" content=\"https:\/\/www.viladomatofimatica.cat\/ca\/condicions-de-compra\/\" \/>\n<meta property=\"og:site_name\" content=\"Viladomat Ofim\u00e0tica - Mobiliari hosteleria i ofim\u00e0tica a Manresa, Vic, Berga\" \/>\n<meta property=\"article:modified_time\" content=\"2024-09-26T09:08:35+00:00\" \/>\n<meta name=\"twitter:card\" content=\"summary_large_image\" \/>\n<meta name=\"twitter:label1\" content=\"Temps estimat de lectura\" \/>\n\t<meta name=\"twitter:data1\" content=\"2 minuts\" \/>\n<script type=\"application\/ld+json\" class=\"yoast-schema-graph\">{\"@context\":\"https:\/\/schema.org\",\"@graph\":[{\"@type\":\"WebPage\",\"@id\":\"https:\/\/www.viladomatofimatica.cat\/ca\/condicions-de-compra\/\",\"url\":\"https:\/\/www.viladomatofimatica.cat\/ca\/condicions-de-compra\/\",\"name\":\"Condicions de Compra - Viladomat Ofim\u00e0tica - Mobiliari hosteleria i ofim\u00e0tica a Manresa, Vic, Berga\",\"isPartOf\":{\"@id\":\"https:\/\/www.viladomatofimatica.cat\/ca\/#website\"},\"datePublished\":\"2024-09-18T17:29:07+00:00\",\"dateModified\":\"2024-09-26T09:08:35+00:00\",\"breadcrumb\":{\"@id\":\"https:\/\/www.viladomatofimatica.cat\/ca\/condicions-de-compra\/#breadcrumb\"},\"inLanguage\":\"ca\",\"potentialAction\":[{\"@type\":\"ReadAction\",\"target\":[\"https:\/\/www.viladomatofimatica.cat\/ca\/condicions-de-compra\/\"]}]},{\"@type\":\"BreadcrumbList\",\"@id\":\"https:\/\/www.viladomatofimatica.cat\/ca\/condicions-de-compra\/#breadcrumb\",\"itemListElement\":[{\"@type\":\"ListItem\",\"position\":1,\"name\":\"Portada\",\"item\":\"https:\/\/www.viladomatofimatica.cat\/ca\/inicio\/\"},{\"@type\":\"ListItem\",\"position\":2,\"name\":\"Condicions de Compra\"}]},{\"@type\":\"WebSite\",\"@id\":\"https:\/\/www.viladomatofimatica.cat\/ca\/#website\",\"url\":\"https:\/\/www.viladomatofimatica.cat\/ca\/\",\"name\":\"Viladomat Ofim\u00e0tica - Solucions hostaleria i ofim\u00e0tica a Manresa, Vic, Berga\",\"description\":\"Mobiliari hosteleria i ofimatica a Manresa, Vic, Berga\",\"publisher\":{\"@id\":\"https:\/\/www.viladomatofimatica.cat\/ca\/#organization\"},\"potentialAction\":[{\"@type\":\"SearchAction\",\"target\":{\"@type\":\"EntryPoint\",\"urlTemplate\":\"https:\/\/www.viladomatofimatica.cat\/ca\/?s={search_term_string}\"},\"query-input\":{\"@type\":\"PropertyValueSpecification\",\"valueRequired\":true,\"valueName\":\"search_term_string\"}}],\"inLanguage\":\"ca\"},{\"@type\":\"Organization\",\"@id\":\"https:\/\/www.viladomatofimatica.cat\/ca\/#organization\",\"name\":\"Viladomat Ofim\u00e0tica - Solucions hostaleria i ofim\u00e0tica a Manresa, Vic, Berga\",\"url\":\"https:\/\/www.viladomatofimatica.cat\/ca\/\",\"logo\":{\"@type\":\"ImageObject\",\"inLanguage\":\"ca\",\"@id\":\"https:\/\/www.viladomatofimatica.cat\/ca\/#\/schema\/logo\/image\/\",\"url\":\"https:\/\/www.viladomatofimatica.cat\/wp-content\/uploads\/2025\/03\/img-logo-viladomat-ofimatica-20251.jpg\",\"contentUrl\":\"https:\/\/www.viladomatofimatica.cat\/wp-content\/uploads\/2025\/03\/img-logo-viladomat-ofimatica-20251.jpg\",\"width\":250,\"height\":100,\"caption\":\"Viladomat Ofim\u00e0tica - Solucions hostaleria i ofim\u00e0tica a Manresa, Vic, Berga\"},\"image\":{\"@id\":\"https:\/\/www.viladomatofimatica.cat\/ca\/#\/schema\/logo\/image\/\"},\"sameAs\":[\"https:\/\/www.instagram.com\/viladomatofimatica\/\"]}]}<\/script>\n<!-- \/ Yoast SEO plugin. -->","yoast_head_json":{"title":"Condicions de Compra - Viladomat Ofim\u00e0tica - Mobiliari hosteleria i ofim\u00e0tica a Manresa, Vic, Berga","robots":{"index":"index","follow":"follow","max-snippet":"max-snippet:-1","max-image-preview":"max-image-preview:large","max-video-preview":"max-video-preview:-1"},"canonical":"https:\/\/www.viladomatofimatica.cat\/ca\/condicions-de-compra\/","og_locale":"ca_ES","og_type":"article","og_title":"Condicions de Compra - Viladomat Ofim\u00e0tica - Mobiliari hosteleria i ofim\u00e0tica a Manresa, Vic, Berga","og_description":"[vc_row pix_particles_check=&#8221;&#8221;][vc_column][vc_column_text css=&#8221;&#8221;] Preus:Aquesta oferta anul\u00b7la a totes les anteriors. Els preus d&#8217;aquesta oferta no inclouen el corresponent 21% d&#8217;IVA. Els preus poden ser modificats sense av\u00eds previ. Disposem, a m\u00e9s dels productes oferits en aquesta web, d&#8217;un cat\u00e0leg general...","og_url":"https:\/\/www.viladomatofimatica.cat\/ca\/condicions-de-compra\/","og_site_name":"Viladomat Ofim\u00e0tica - Mobiliari hosteleria i ofim\u00e0tica a Manresa, Vic, Berga","article_modified_time":"2024-09-26T09:08:35+00:00","twitter_card":"summary_large_image","twitter_misc":{"Temps estimat de lectura":"2 minuts"},"schema":{"@context":"https:\/\/schema.org","@graph":[{"@type":"WebPage","@id":"https:\/\/www.viladomatofimatica.cat\/ca\/condicions-de-compra\/","url":"https:\/\/www.viladomatofimatica.cat\/ca\/condicions-de-compra\/","name":"Condicions de Compra - Viladomat Ofim\u00e0tica - Mobiliari hosteleria i ofim\u00e0tica a Manresa, Vic, Berga","isPartOf":{"@id":"https:\/\/www.viladomatofimatica.cat\/ca\/#website"},"datePublished":"2024-09-18T17:29:07+00:00","dateModified":"2024-09-26T09:08:35+00:00","breadcrumb":{"@id":"https:\/\/www.viladomatofimatica.cat\/ca\/condicions-de-compra\/#breadcrumb"},"inLanguage":"ca","potentialAction":[{"@type":"ReadAction","target":["https:\/\/www.viladomatofimatica.cat\/ca\/condicions-de-compra\/"]}]},{"@type":"BreadcrumbList","@id":"https:\/\/www.viladomatofimatica.cat\/ca\/condicions-de-compra\/#breadcrumb","itemListElement":[{"@type":"ListItem","position":1,"name":"Portada","item":"https:\/\/www.viladomatofimatica.cat\/ca\/inicio\/"},{"@type":"ListItem","position":2,"name":"Condicions de Compra"}]},{"@type":"WebSite","@id":"https:\/\/www.viladomatofimatica.cat\/ca\/#website","url":"https:\/\/www.viladomatofimatica.cat\/ca\/","name":"Viladomat Ofim\u00e0tica - Solucions hostaleria i ofim\u00e0tica a Manresa, Vic, Berga","description":"Mobiliari hosteleria i ofimatica a Manresa, Vic, Berga","publisher":{"@id":"https:\/\/www.viladomatofimatica.cat\/ca\/#organization"},"potentialAction":[{"@type":"SearchAction","target":{"@type":"EntryPoint","urlTemplate":"https:\/\/www.viladomatofimatica.cat\/ca\/?s={search_term_string}"},"query-input":{"@type":"PropertyValueSpecification","valueRequired":true,"valueName":"search_term_string"}}],"inLanguage":"ca"},{"@type":"Organization","@id":"https:\/\/www.viladomatofimatica.cat\/ca\/#organization","name":"Viladomat Ofim\u00e0tica - Solucions hostaleria i ofim\u00e0tica a Manresa, Vic, Berga","url":"https:\/\/www.viladomatofimatica.cat\/ca\/","logo":{"@type":"ImageObject","inLanguage":"ca","@id":"https:\/\/www.viladomatofimatica.cat\/ca\/#\/schema\/logo\/image\/","url":"https:\/\/www.viladomatofimatica.cat\/wp-content\/uploads\/2025\/03\/img-logo-viladomat-ofimatica-20251.jpg","contentUrl":"https:\/\/www.viladomatofimatica.cat\/wp-content\/uploads\/2025\/03\/img-logo-viladomat-ofimatica-20251.jpg","width":250,"height":100,"caption":"Viladomat Ofim\u00e0tica - Solucions hostaleria i ofim\u00e0tica a Manresa, Vic, Berga"},"image":{"@id":"https:\/\/www.viladomatofimatica.cat\/ca\/#\/schema\/logo\/image\/"},"sameAs":["https:\/\/www.instagram.com\/viladomatofimatica\/"]}]}},"_links":{"self":[{"href":"https:\/\/www.viladomatofimatica.cat\/ca\/wp-json\/wp\/v2\/pages\/4094","targetHints":{"allow":["GET"]}}],"collection":[{"href":"https:\/\/www.viladomatofimatica.cat\/ca\/wp-json\/wp\/v2\/pages"}],"about":[{"href":"https:\/\/www.viladomatofimatica.cat\/ca\/wp-json\/wp\/v2\/types\/page"}],"author":[{"embeddable":true,"href":"https:\/\/www.viladomatofimatica.cat\/ca\/wp-json\/wp\/v2\/users\/1"}],"replies":[{"embeddable":true,"href":"https:\/\/www.viladomatofimatica.cat\/ca\/wp-json\/wp\/v2\/comments?post=4094"}],"version-history":[{"count":3,"href":"https:\/\/www.viladomatofimatica.cat\/ca\/wp-json\/wp\/v2\/pages\/4094\/revisions"}],"predecessor-version":[{"id":4101,"href":"https:\/\/www.viladomatofimatica.cat\/ca\/wp-json\/wp\/v2\/pages\/4094\/revisions\/4101"}],"wp:attachment":[{"href":"https:\/\/www.viladomatofimatica.cat\/ca\/wp-json\/wp\/v2\/media?parent=4094"}],"curies":[{"name":"wp","href":"https:\/\/api.w.org\/{rel}","templated":true}]}}