{"id":4112,"date":"2024-09-20T20:02:13","date_gmt":"2024-09-20T18:02:13","guid":{"rendered":"https:\/\/www.viladomatofimatica.cat\/politica-de-cookies\/"},"modified":"2024-09-26T11:12:54","modified_gmt":"2024-09-26T09:12:54","slug":"politica-de-cookies","status":"publish","type":"page","link":"https:\/\/www.viladomatofimatica.cat\/ca\/politica-de-cookies\/","title":{"rendered":"Pol\u00edtica de cookies"},"content":{"rendered":"<div class=\"wpb-content-wrapper\"><p>[vc_row pix_particles_check=&#8221;&#8221;][vc_column][vc_column_text css=&#8221;&#8221;]<\/p>\r\n<p><strong>Qu\u00e8 \u00e9s una galeta?<\/strong><\/p>\r\n<p>Una galeta \u00e9s un fitxer que es descarrega al vostre ordinador en accedir l\u2019Usuari a determinades p\u00e0gines web. Les galetes permeten a una p\u00e0gina web, entre altres coses, emmagatzemar i recuperar informaci\u00f3 sobre els h\u00e0bits de navegaci\u00f3 d\u2019un usuari o del seu equip i, depenent de la informaci\u00f3 que continguin i de la manera com utilitzi el seu equip, es poden utilitzar per recon\u00e8ixer a l\u2019usuari.<\/p>\r\n<p><br \/><strong>Quins tipus de galetes hi ha?<\/strong><\/p>\r\n<p>Hi ha diversos tipus de cookies en funci\u00f3 de diferents criteris:<\/p>\r\n<p><strong>En funci\u00f3 del temps que romanen activades:<\/strong><\/p>\r\n<p><span style=\"text-decoration: underline;\">Galetes de sessi\u00f3<\/span>: S\u00f3n un tipus de galetes dissenyades per a demanar i emmagatzemar dades mentre l\u2019usuari accedeix a una p\u00e0gina web.<br \/><span style=\"text-decoration: underline;\">Galetes permanents<\/span>: S\u00f3n un tipus de galetes en qu\u00e8 les dades segueixen emmagatzemades al terminal i poden ser accedides i tractades durant un per\u00edode definit pel responsable de la galeta.<\/p>\r\n<p><strong>En funci\u00f3 de la titularitat:<\/strong><\/p>\r\n<p><span style=\"text-decoration: underline;\">Cookies pr\u00f2pies<\/span>: S\u00f3n les que pertanyen a VILADOMAT OFIM\u00c0TICA, S.L.<br \/><span style=\"text-decoration: underline;\">Galetes de tercers<\/span>: S\u00f3n aquelles la titularitat de les quals \u00e9s d\u2019un tercer, diferent de VILADOMAT OFIM\u00c0TICA, S.L, que ser\u00e0 qui tracti la informaci\u00f3 recollida.<\/p>\r\n<p><strong>En funci\u00f3 de la finalitat:<\/strong><\/p>\r\n<p><span style=\"text-decoration: underline;\">Galetes t\u00e8cniques i\/o de personalitzaci\u00f3<\/span>: S\u00f3n les que serveixen per millorar el servei, localitzar incid\u00e8ncies, recon\u00e8ixer l\u2019usuari, etc.<br \/><span style=\"text-decoration: underline;\">Galetes d\u2019an\u00e0lisi i\/o de publicitat<\/span>: S\u00f3n aquelles que serveixen per analitzar informaci\u00f3 sobre la navegaci\u00f3 i oferir publicitat, sigui gen\u00e8rica o personalitzada.<\/p>\r\n<p><br \/><strong>Quins tipus de galetes s\u00f3n m\u00e9s habituals?<\/strong><\/p>\r\n<p><span style=\"text-decoration: underline;\">T\u00c8CNIQUES<\/span>: S\u00f3n cookies PR\u00d2PIES, de sessi\u00f3, d\u2019identificaci\u00f3, de configuraci\u00f3 i de registre, estrictament necess\u00e0ries per a la identificaci\u00f3 de l\u2019usuari i per a la prestaci\u00f3 dels serveis sol\u00b7licitats per l\u2019usuari. La informaci\u00f3 obtinguda a trav\u00e9s de les mateixes \u00e9s tractada \u00fanicament per VILADOMAT OFIM\u00c0TICA, S.L.<\/p>\r\n<p><span style=\"text-decoration: underline;\">D\u2019AN\u00c0LISI<\/span>: S\u00f3n aquelles que, ben tractades per nosaltres o per tercers, ens permeten quantificar el nombre d\u2019usuaris i aix\u00ed realitzar el mesurament i l\u2019an\u00e0lisi estad\u00edstica de la utilitzaci\u00f3 que fan els usuaris del servei ofert. Per aix\u00f2 s\u2019analitza la vostra navegaci\u00f3 a la nostra p\u00e0gina web per tal de millorar l\u2019oferta de productes o serveis que us oferim.<\/p>\r\n<p><span style=\"text-decoration: underline;\">DE PUBLICITAT<\/span>: S\u00f3n aquelles que, ben tractades per nosaltres o per tercers, permeten la gesti\u00f3, de la manera m\u00e9s efica\u00e7 possible, dels espais publicitaris que es poguessin incloure a la nostra p\u00e0gina web i\/o emmagatzemen informaci\u00f3 del comportament dels usuaris obtinguda a a trav\u00e9s de l\u2019observaci\u00f3 continuada. Gr\u00e0cies a elles, podem con\u00e8ixer els h\u00e0bits de navegaci\u00f3 a internet i mostrar publicitat relacionada amb el seu perfil de navegaci\u00f3.<\/p>\r\n<p><strong>Per qu\u00e8 serveix una galeta?<\/strong><\/p>\r\n<p>Les cookies s\u2019utilitzen per poder oferir serveis i\/o publicitat personalitzats, per analitzar el funcionament del sistema, recon\u00e8ixer-lo quan accedeix com a usuari, localitzar incid\u00e8ncies i problemes que puguin sorgir i resoldre\u2019ls en el menor termini possible, aix\u00ed com analitzar i mesurar l\u2019\u00fas i activitat de la p\u00e0gina web.<\/p>\r\n<p><br \/><strong>Cal el meu consentiment per implantar una galeta?<\/strong><\/p>\r\n<p>No cal el consentiment per a la instal\u00b7laci\u00f3 de cookies t\u00e8cniques o les que siguin estrictament necess\u00e0ries per a la prestaci\u00f3 d\u2019un servei de la societat de la informaci\u00f3 expressament sol\u00b7licitat pel destinatari.<\/p>\r\n<p>Per a la resta, s\u00ed que cal el consentiment de l\u2019interessat que es pot sol\u00b7licitar per diferents vies. En el cas de VILADOMAT OFIM\u00c0TICA, S.L, s\u2019entendr\u00e0 atorgat si vost\u00e8 segueix utilitzant la p\u00e0gina web, sens perjudici que en qualsevol moment podr\u00e0 revocar-ho i desactivar les galetes.<\/p>\r\n<p><strong>Quins tipus de galetes utilitza aquesta p\u00e0gina web?<\/strong><\/p>\r\n<p>Galetes t\u00e8cniques: S\u00f3n aquelles creades i gestionades \u00fanicament per nosaltres, i permeten a l\u2019usuari la navegaci\u00f3 a trav\u00e9s de la nostra p\u00e0gina web i la utilitzaci\u00f3 de les diferents opcions com, per exemple, identificar la sessi\u00f3, personalitzar informaci\u00f3 o accedir a zones d\u2019acc\u00e9s restringit<\/p>\r\n<p>El lloc web de VILADOMAT OFIM\u00c0TICA, S.L, utilitza (o pot utilitzar) Google Analytics, una eina d\u2019anal\u00edtica web desenvolupada per Google, que ajuda els propietaris de llocs web a mesurar com interactuen els usuaris amb el contingut del lloc. Per a la prestaci\u00f3 d\u2019aquests serveis, Google Analytics utilitzen galetes que recopilen la informaci\u00f3, inclosa l\u2019adre\u00e7a IP de l\u2019usuari que ser\u00e0 transmesa, tractada i emmagatzemada per Google en els termes fixats al web Google.com.<\/p>\r\n<p>Per a m\u00e9s informaci\u00f3 vegeu: <a href=\"https:\/\/developers.google.com\/analytics\/devguides\/collection\/analyticsjs\/cookie-usage\" target=\"_blank\" rel=\"noopener\">https:\/\/developers.google.com\/analytics\/devguides\/collection\/analyticsjs\/cookie-usage<\/a><\/p>\r\n<p><strong>Com desactivar galetes?<\/strong><\/p>\r\n<p>Podeu permetre, bloquejar o eliminar les galetes instal\u00b7lades al vostre equip mitjan\u00e7ant la configuraci\u00f3 de les opcions del navegador instal\u00b7lat al vostre ordinador.<\/p>\r\n\r\n<p><a href=\"https:\/\/support.mozilla.org\/es\/kb\/habilitar-y-deshabilitar-cookies-sitios-web-rastrear-preferencias?redirectlocale=es&amp;redirectslug=habilitar-y-deshabilitar-cookies-que-los-sitios-web\" target=\"_blank\" rel=\"noopener\">Firefox<\/a> \/ <a href=\"https:\/\/support.google.com\/chrome\/answer\/95647?hl=es\" target=\"_blank\" rel=\"noopener\">Chrome<\/a> \/ <a href=\"https:\/\/support.microsoft.com\/es-es\/windows\" target=\"_blank\" rel=\"noopener\">Internet Explorer<\/a> \/ <a href=\"https:\/\/support.apple.com\/es-es\/guide\/safari\/sfri11471\/mac\" target=\"_blank\" rel=\"noopener\">Safari<\/a> \/ <a href=\"https:\/\/support.apple.com\/es-es\/HT201265\" target=\"_blank\" rel=\"noopener\">Safari para iOS<\/a> \/ <a href=\"https:\/\/help.opera.com\/en\/latest\/web-preferences\/#cookies\" target=\"_blank\" rel=\"noopener\">Opera<\/a><\/p>\r\n<p>[\/vc_column_text][\/vc_column][\/vc_row]<\/p><\/div>","protected":false},"excerpt":{"rendered":"[vc_row pix_particles_check=&#8221;&#8221;][vc_column][vc_column_text css=&#8221;&#8221;] Qu\u00e8 \u00e9s una galeta? Una galeta \u00e9s un fitxer que es descarrega al vostre ordinador en accedir l\u2019Usuari a determinades p\u00e0gines web. Les galetes permeten a una p\u00e0gina web, entre altres coses, emmagatzemar i recuperar informaci\u00f3 sobre&#8230;","protected":false},"author":1,"featured_media":0,"parent":0,"menu_order":0,"comment_status":"closed","ping_status":"closed","template":"","meta":{"footnotes":""},"class_list":["post-4112","page","type-page","status-publish","hentry"],"yoast_head":"<!-- This site is optimized with the Yoast SEO plugin v27.2 - https:\/\/yoast.com\/product\/yoast-seo-wordpress\/ -->\n<title>Pol\u00edtica de cookies - Viladomat Ofim\u00e0tica - Mobiliari hosteleria i ofim\u00e0tica a Manresa, Vic, Berga<\/title>\n<meta name=\"robots\" content=\"index, follow, max-snippet:-1, max-image-preview:large, max-video-preview:-1\" \/>\n<link rel=\"canonical\" href=\"https:\/\/www.viladomatofimatica.cat\/ca\/politica-de-cookies\/\" \/>\n<meta property=\"og:locale\" content=\"ca_ES\" \/>\n<meta property=\"og:type\" content=\"article\" \/>\n<meta property=\"og:title\" content=\"Pol\u00edtica de cookies - Viladomat Ofim\u00e0tica - Mobiliari hosteleria i ofim\u00e0tica a Manresa, Vic, Berga\" \/>\n<meta property=\"og:description\" content=\"[vc_row pix_particles_check=&#8221;&#8221;][vc_column][vc_column_text css=&#8221;&#8221;] Qu\u00e8 \u00e9s una galeta? Una galeta \u00e9s un fitxer que es descarrega al vostre ordinador en accedir l\u2019Usuari a determinades p\u00e0gines web. Les galetes permeten a una p\u00e0gina web, entre altres coses, emmagatzemar i recuperar informaci\u00f3 sobre...\" \/>\n<meta property=\"og:url\" content=\"https:\/\/www.viladomatofimatica.cat\/ca\/politica-de-cookies\/\" \/>\n<meta property=\"og:site_name\" content=\"Viladomat Ofim\u00e0tica - Mobiliari hosteleria i ofim\u00e0tica a Manresa, Vic, Berga\" \/>\n<meta property=\"article:modified_time\" content=\"2024-09-26T09:12:54+00:00\" \/>\n<meta name=\"twitter:card\" content=\"summary_large_image\" \/>\n<meta name=\"twitter:label1\" content=\"Temps estimat de lectura\" \/>\n\t<meta name=\"twitter:data1\" content=\"4 minuts\" \/>\n<script type=\"application\/ld+json\" class=\"yoast-schema-graph\">{\"@context\":\"https:\/\/schema.org\",\"@graph\":[{\"@type\":\"WebPage\",\"@id\":\"https:\/\/www.viladomatofimatica.cat\/ca\/politica-de-cookies\/\",\"url\":\"https:\/\/www.viladomatofimatica.cat\/ca\/politica-de-cookies\/\",\"name\":\"Pol\u00edtica de cookies - Viladomat Ofim\u00e0tica - Mobiliari hosteleria i ofim\u00e0tica a Manresa, Vic, Berga\",\"isPartOf\":{\"@id\":\"https:\/\/www.viladomatofimatica.cat\/ca\/#website\"},\"datePublished\":\"2024-09-20T18:02:13+00:00\",\"dateModified\":\"2024-09-26T09:12:54+00:00\",\"breadcrumb\":{\"@id\":\"https:\/\/www.viladomatofimatica.cat\/ca\/politica-de-cookies\/#breadcrumb\"},\"inLanguage\":\"ca\",\"potentialAction\":[{\"@type\":\"ReadAction\",\"target\":[\"https:\/\/www.viladomatofimatica.cat\/ca\/politica-de-cookies\/\"]}]},{\"@type\":\"BreadcrumbList\",\"@id\":\"https:\/\/www.viladomatofimatica.cat\/ca\/politica-de-cookies\/#breadcrumb\",\"itemListElement\":[{\"@type\":\"ListItem\",\"position\":1,\"name\":\"Portada\",\"item\":\"https:\/\/www.viladomatofimatica.cat\/ca\/inicio\/\"},{\"@type\":\"ListItem\",\"position\":2,\"name\":\"Pol\u00edtica de cookies\"}]},{\"@type\":\"WebSite\",\"@id\":\"https:\/\/www.viladomatofimatica.cat\/ca\/#website\",\"url\":\"https:\/\/www.viladomatofimatica.cat\/ca\/\",\"name\":\"Viladomat Ofim\u00e0tica - Solucions hostaleria i ofim\u00e0tica a Manresa, Vic, Berga\",\"description\":\"Mobiliari hosteleria i ofimatica a Manresa, Vic, Berga\",\"publisher\":{\"@id\":\"https:\/\/www.viladomatofimatica.cat\/ca\/#organization\"},\"potentialAction\":[{\"@type\":\"SearchAction\",\"target\":{\"@type\":\"EntryPoint\",\"urlTemplate\":\"https:\/\/www.viladomatofimatica.cat\/ca\/?s={search_term_string}\"},\"query-input\":{\"@type\":\"PropertyValueSpecification\",\"valueRequired\":true,\"valueName\":\"search_term_string\"}}],\"inLanguage\":\"ca\"},{\"@type\":\"Organization\",\"@id\":\"https:\/\/www.viladomatofimatica.cat\/ca\/#organization\",\"name\":\"Viladomat Ofim\u00e0tica - Solucions hostaleria i ofim\u00e0tica a Manresa, Vic, Berga\",\"url\":\"https:\/\/www.viladomatofimatica.cat\/ca\/\",\"logo\":{\"@type\":\"ImageObject\",\"inLanguage\":\"ca\",\"@id\":\"https:\/\/www.viladomatofimatica.cat\/ca\/#\/schema\/logo\/image\/\",\"url\":\"https:\/\/www.viladomatofimatica.cat\/wp-content\/uploads\/2025\/03\/img-logo-viladomat-ofimatica-20251.jpg\",\"contentUrl\":\"https:\/\/www.viladomatofimatica.cat\/wp-content\/uploads\/2025\/03\/img-logo-viladomat-ofimatica-20251.jpg\",\"width\":250,\"height\":100,\"caption\":\"Viladomat Ofim\u00e0tica - Solucions hostaleria i ofim\u00e0tica a Manresa, Vic, Berga\"},\"image\":{\"@id\":\"https:\/\/www.viladomatofimatica.cat\/ca\/#\/schema\/logo\/image\/\"},\"sameAs\":[\"https:\/\/www.instagram.com\/viladomatofimatica\/\"]}]}<\/script>\n<!-- \/ Yoast SEO plugin. -->","yoast_head_json":{"title":"Pol\u00edtica de cookies - Viladomat Ofim\u00e0tica - Mobiliari hosteleria i ofim\u00e0tica a Manresa, Vic, Berga","robots":{"index":"index","follow":"follow","max-snippet":"max-snippet:-1","max-image-preview":"max-image-preview:large","max-video-preview":"max-video-preview:-1"},"canonical":"https:\/\/www.viladomatofimatica.cat\/ca\/politica-de-cookies\/","og_locale":"ca_ES","og_type":"article","og_title":"Pol\u00edtica de cookies - Viladomat Ofim\u00e0tica - Mobiliari hosteleria i ofim\u00e0tica a Manresa, Vic, Berga","og_description":"[vc_row pix_particles_check=&#8221;&#8221;][vc_column][vc_column_text css=&#8221;&#8221;] Qu\u00e8 \u00e9s una galeta? Una galeta \u00e9s un fitxer que es descarrega al vostre ordinador en accedir l\u2019Usuari a determinades p\u00e0gines web. Les galetes permeten a una p\u00e0gina web, entre altres coses, emmagatzemar i recuperar informaci\u00f3 sobre...","og_url":"https:\/\/www.viladomatofimatica.cat\/ca\/politica-de-cookies\/","og_site_name":"Viladomat Ofim\u00e0tica - Mobiliari hosteleria i ofim\u00e0tica a Manresa, Vic, Berga","article_modified_time":"2024-09-26T09:12:54+00:00","twitter_card":"summary_large_image","twitter_misc":{"Temps estimat de lectura":"4 minuts"},"schema":{"@context":"https:\/\/schema.org","@graph":[{"@type":"WebPage","@id":"https:\/\/www.viladomatofimatica.cat\/ca\/politica-de-cookies\/","url":"https:\/\/www.viladomatofimatica.cat\/ca\/politica-de-cookies\/","name":"Pol\u00edtica de cookies - Viladomat Ofim\u00e0tica - Mobiliari hosteleria i ofim\u00e0tica a Manresa, Vic, Berga","isPartOf":{"@id":"https:\/\/www.viladomatofimatica.cat\/ca\/#website"},"datePublished":"2024-09-20T18:02:13+00:00","dateModified":"2024-09-26T09:12:54+00:00","breadcrumb":{"@id":"https:\/\/www.viladomatofimatica.cat\/ca\/politica-de-cookies\/#breadcrumb"},"inLanguage":"ca","potentialAction":[{"@type":"ReadAction","target":["https:\/\/www.viladomatofimatica.cat\/ca\/politica-de-cookies\/"]}]},{"@type":"BreadcrumbList","@id":"https:\/\/www.viladomatofimatica.cat\/ca\/politica-de-cookies\/#breadcrumb","itemListElement":[{"@type":"ListItem","position":1,"name":"Portada","item":"https:\/\/www.viladomatofimatica.cat\/ca\/inicio\/"},{"@type":"ListItem","position":2,"name":"Pol\u00edtica de cookies"}]},{"@type":"WebSite","@id":"https:\/\/www.viladomatofimatica.cat\/ca\/#website","url":"https:\/\/www.viladomatofimatica.cat\/ca\/","name":"Viladomat Ofim\u00e0tica - Solucions hostaleria i ofim\u00e0tica a Manresa, Vic, Berga","description":"Mobiliari hosteleria i ofimatica a Manresa, Vic, Berga","publisher":{"@id":"https:\/\/www.viladomatofimatica.cat\/ca\/#organization"},"potentialAction":[{"@type":"SearchAction","target":{"@type":"EntryPoint","urlTemplate":"https:\/\/www.viladomatofimatica.cat\/ca\/?s={search_term_string}"},"query-input":{"@type":"PropertyValueSpecification","valueRequired":true,"valueName":"search_term_string"}}],"inLanguage":"ca"},{"@type":"Organization","@id":"https:\/\/www.viladomatofimatica.cat\/ca\/#organization","name":"Viladomat Ofim\u00e0tica - Solucions hostaleria i ofim\u00e0tica a Manresa, Vic, Berga","url":"https:\/\/www.viladomatofimatica.cat\/ca\/","logo":{"@type":"ImageObject","inLanguage":"ca","@id":"https:\/\/www.viladomatofimatica.cat\/ca\/#\/schema\/logo\/image\/","url":"https:\/\/www.viladomatofimatica.cat\/wp-content\/uploads\/2025\/03\/img-logo-viladomat-ofimatica-20251.jpg","contentUrl":"https:\/\/www.viladomatofimatica.cat\/wp-content\/uploads\/2025\/03\/img-logo-viladomat-ofimatica-20251.jpg","width":250,"height":100,"caption":"Viladomat Ofim\u00e0tica - Solucions hostaleria i ofim\u00e0tica a Manresa, Vic, Berga"},"image":{"@id":"https:\/\/www.viladomatofimatica.cat\/ca\/#\/schema\/logo\/image\/"},"sameAs":["https:\/\/www.instagram.com\/viladomatofimatica\/"]}]}},"_links":{"self":[{"href":"https:\/\/www.viladomatofimatica.cat\/ca\/wp-json\/wp\/v2\/pages\/4112","targetHints":{"allow":["GET"]}}],"collection":[{"href":"https:\/\/www.viladomatofimatica.cat\/ca\/wp-json\/wp\/v2\/pages"}],"about":[{"href":"https:\/\/www.viladomatofimatica.cat\/ca\/wp-json\/wp\/v2\/types\/page"}],"author":[{"embeddable":true,"href":"https:\/\/www.viladomatofimatica.cat\/ca\/wp-json\/wp\/v2\/users\/1"}],"replies":[{"embeddable":true,"href":"https:\/\/www.viladomatofimatica.cat\/ca\/wp-json\/wp\/v2\/comments?post=4112"}],"version-history":[{"count":1,"href":"https:\/\/www.viladomatofimatica.cat\/ca\/wp-json\/wp\/v2\/pages\/4112\/revisions"}],"predecessor-version":[{"id":4114,"href":"https:\/\/www.viladomatofimatica.cat\/ca\/wp-json\/wp\/v2\/pages\/4112\/revisions\/4114"}],"wp:attachment":[{"href":"https:\/\/www.viladomatofimatica.cat\/ca\/wp-json\/wp\/v2\/media?parent=4112"}],"curies":[{"name":"wp","href":"https:\/\/api.w.org\/{rel}","templated":true}]}}