{"id":4392,"date":"2024-09-20T16:03:21","date_gmt":"2024-09-20T14:03:21","guid":{"rendered":"https:\/\/www.viladomatofimatica.cat\/mas-productos\/"},"modified":"2024-09-26T11:10:47","modified_gmt":"2024-09-26T09:10:47","slug":"mas-productos","status":"publish","type":"page","link":"https:\/\/www.viladomatofimatica.cat\/ca\/mas-productos\/","title":{"rendered":"M\u00e9s productes"},"content":{"rendered":"<div class=\"wpb-content-wrapper\">[vc_section full_width=&#8221;stretch_row&#8221; pix_over_visibility=&#8221;&#8221; bottom_divider_select=&#8221;20&#8243; bottom_layers=&#8221;1&#8243; b_has_animation=&#8221;true&#8221; responsive_css=&#8221;{&#8220;pix_res_sm_pt&#8220;:&#8220;20&#8220;,&#8220;pix_res_sm_pb&#8220;:&#8220;20&#8220;,&#8220;pix_res_md_pt&#8220;:&#8220;40&#8220;,&#8220;pix_res_md_pb&#8220;:&#8220;40&#8220;}&#8221; css=&#8221;.vc_custom_1605414223113{padding-top: 180px !important;padding-bottom: 80px !important;background-color: #fff7ef !important;}&#8221;][vc_row full_width=&#8221;stretch_row&#8221; content_placement=&#8221;middle&#8221; pix_particles_check=&#8221;&#8221; css=&#8221;.vc_custom_1603925891799{padding-top: 40px !important;}&#8221;][vc_column css=&#8221;.vc_custom_1604715604745{padding-top: 20px !important;padding-bottom: 20px !important;}&#8221;]<div id=\"el1603925735052-9e8ebf61-2524\" class=\"pix-highlighted-element text-center  vc_custom_1727280944141\"><div class=\"pix-highlighted-items \" style=\"font-size:42px;\" data-anim-type=\"\" data-anim-delay=\"0\"><span id=\"el1603925735052-9e8ebf61-2524-0\" class=\"pix-highlight-bg align-middle2  el1603925735052-9e8ebf61-2524-0 animate-in\" data-anim-type=\"highlight-grow\" data-anim-delay=\"200\"><span class=\"pix-highlighted-text  pix-highlight-item font-weight-normal  heading-font text-heading-default\">&nbsp;Innovaci\u00f3 i efici\u00e8ncia&nbsp;<\/span><\/span><span id=\"el1603925735052-9e8ebf61-2524-1\" class=\"\"><span class=\"pix-highlighted-text pix-highlight-item font-weight-normal  font-weight-bold heading-font text-heading-default\">al servei de la teva empresa<\/span><\/span><\/br><\/div><\/div><div class=\"pix-el-text w-100 text-center \" ><p class=\"text-18  text-body-default text-center \" >Disposem d\u00b4una \u00e0mplia gamma de productes per oferir-te un servei integral en l\u00b4equipaci\u00f3 del teu negoci.\r\n\r\nEquips de <b>Videovigil\u00e0ncia, Impressores Multifunci\u00f3, sistemes de Control de Pres\u00e8ncia, Equips Audiovisuals i Mobiliari especialitzat<\/b> per a cada tipus de negoci.\r\nSi necessiteu equipar la vostra empresa, nosaltres us ajudem.<\/p><\/div>[\/vc_column][\/vc_row][\/vc_section][vc_row pix_particles_check=&#8221;&#8221; css=&#8221;.vc_custom_1726852313653{margin-top: -50px !important;}&#8221;][vc_column width=&#8221;1\/3&#8243; css=&#8221;.vc_custom_1603679093013{padding-top: 30px !important;padding-right: 30px !important;padding-bottom: 30px !important;padding-left: 30px !important;}&#8221;]<div class=\"pix-img-element d-inline-block \" ><div class=\"pix-img-el  vc_custom_1726848693542   text-center d-inline-block  w-100 rounded-xl\"  ><img loading=\"lazy\" decoding=\"async\" class=\"card-img2 pix-img-elem rounded-xl  h-1002\" style=\"height:auto;\" width=\"325\" height=\"285\" srcset=\"https:\/\/www.viladomatofimatica.cat\/wp-content\/uploads\/2024\/09\/hikvision-viladomat.png 325w, https:\/\/www.viladomatofimatica.cat\/wp-content\/uploads\/2024\/09\/hikvision-viladomat-300x263.png 300w\" sizes=\"auto, (max-width: 325px) 100vw, 325px\" src=\"https:\/\/www.viladomatofimatica.cat\/wp-content\/uploads\/2024\/09\/hikvision-viladomat.png\" alt=\"Image link\" \/><\/div><\/div><div  class=\"pix-heading-el text-center  vc_custom_1727280864582\"><h4 class=\"text-heading-default font-weight-bold h4 animate-in heading-text el-title_custom_color mb-12\" style=\"\" data-anim-type=\"fade-in\" data-anim-delay=\"0\">SISTEMES DE VIDEOVIGIL\u00c0NCIA<\/h4><\/div><div class=\"pix-el-text w-100 text-center  vc_custom_1727280873625\" ><p class=\"text-sm  text-body-default text-center \" ><span class=\"text-body-default animate-in d-inline-block\" data-anim-delay=\"100\" data-anim-type=\"fade-in\"><b>Seguretat avan\u00e7ada per al teu negoci.<\/b> Protegeix les instal\u00b7lacions amb c\u00e0meres d&#8217;alta resoluci\u00f3, visi\u00f3 nocturna i monitoritzaci\u00f3 en temps real.<\/span><\/p><\/div>[\/vc_column][vc_column width=&#8221;1\/3&#8243; css=&#8221;.vc_custom_1603679146128{padding-top: 30px !important;padding-right: 30px !important;padding-bottom: 30px !important;padding-left: 30px !important;}&#8221;]<div class=\"pix-img-element d-inline-block \" ><div class=\"pix-img-el  vc_custom_1726848785717   text-center d-inline-block  w-100 rounded-xl\"  ><img loading=\"lazy\" decoding=\"async\" class=\"card-img2 pix-img-elem rounded-xl  h-1002\" style=\"height:auto;\" width=\"325\" height=\"285\" srcset=\"https:\/\/www.viladomatofimatica.cat\/wp-content\/uploads\/2024\/09\/equips-audioviuals-viladomat.png 325w, https:\/\/www.viladomatofimatica.cat\/wp-content\/uploads\/2024\/09\/equips-audioviuals-viladomat-300x263.png 300w\" sizes=\"auto, (max-width: 325px) 100vw, 325px\" src=\"https:\/\/www.viladomatofimatica.cat\/wp-content\/uploads\/2024\/09\/equips-audioviuals-viladomat.png\" alt=\"Image link\" \/><\/div><\/div><div  class=\"pix-heading-el text-center  vc_custom_1727280889723\"><h4 class=\"text-heading-default font-weight-bold h4 animate-in heading-text el-title_custom_color mb-12\" style=\"\" data-anim-type=\"fade-in\" data-anim-delay=\"0\">EQUIPS AUDIOVISUALS<\/h4><\/div><div class=\"pix-el-text w-100 text-center  vc_custom_1727280897269\" ><p class=\"text-sm  text-body-default text-center \" ><span class=\"text-body-default animate-in d-inline-block\" data-anim-delay=\"100\" data-anim-type=\"fade-in\"><b>Tecnologia que transforma els teus espais.<\/b> Millora la comunicaci\u00f3 i l&#8217;experi\u00e8ncia a les teves reunions, esdeveniments o presentacions amb pantalles, projectors i sistemes de so d&#8217;\u00faltima generaci\u00f3.<\/span><\/p><\/div>[\/vc_column][vc_column width=&#8221;1\/3&#8243; css=&#8221;.vc_custom_1603679156652{padding-top: 30px !important;padding-right: 30px !important;padding-bottom: 30px !important;padding-left: 30px !important;}&#8221;]<div class=\"pix-img-element d-inline-block \" ><div class=\"pix-img-el  vc_custom_1726848941339   text-center d-inline-block  w-100 rounded-xl\"  ><img loading=\"lazy\" decoding=\"async\" class=\"card-img2 pix-img-elem rounded-xl  h-1002\" style=\"height:auto;\" width=\"325\" height=\"285\" srcset=\"https:\/\/www.viladomatofimatica.cat\/wp-content\/uploads\/2024\/09\/mobiliari.png 325w, https:\/\/www.viladomatofimatica.cat\/wp-content\/uploads\/2024\/09\/mobiliari-300x263.png 300w\" sizes=\"auto, (max-width: 325px) 100vw, 325px\" src=\"https:\/\/www.viladomatofimatica.cat\/wp-content\/uploads\/2024\/09\/mobiliari.png\" alt=\"Image link\" \/><\/div><\/div><div  class=\"pix-heading-el text-center  vc_custom_1727280904454\"><h4 class=\"text-heading-default font-weight-bold h4 animate-in heading-text el-title_custom_color mb-12\" style=\"\" data-anim-type=\"fade-in\" data-anim-delay=\"0\">MOBILIARI PER A NEGOCIS<\/h4><\/div><div class=\"pix-el-text w-100 text-center  vc_custom_1727280912861\" ><p class=\"text-sm  text-body-default text-center \" ><span class=\"text-body-default animate-in d-inline-block\" data-anim-delay=\"100\" data-anim-type=\"fade-in\"><b>Disseny i funcionalitat a cada espai. <\/b>Crea entorns eficients i moderns amb el nostre mobiliari dissenyat per a oficines i locals comercials.<\/span><\/p><\/div>[\/vc_column][\/vc_row]<\/div>","protected":false},"excerpt":{"rendered":"[vc_section full_width=&#8221;stretch_row&#8221; pix_over_visibility=&#8221;&#8221; bottom_divider_select=&#8221;20&#8243; bottom_layers=&#8221;1&#8243; b_has_animation=&#8221;true&#8221; responsive_css=&#8221;{&#8220;pix_res_sm_pt&#8220;:&#8220;20&#8220;,&#8220;pix_res_sm_pb&#8220;:&#8220;20&#8220;,&#8220;pix_res_md_pt&#8220;:&#8220;40&#8220;,&#8220;pix_res_md_pb&#8220;:&#8220;40&#8220;}&#8221; css=&#8221;.vc_custom_1605414223113{padding-top: 180px !important;padding-bottom: 80px !important;background-color: #fff7ef !important;}&#8221;][vc_row full_width=&#8221;stretch_row&#8221; content_placement=&#8221;middle&#8221; pix_particles_check=&#8221;&#8221; css=&#8221;.vc_custom_1603925891799{padding-top: 40px !important;}&#8221;][vc_column css=&#8221;.vc_custom_1604715604745{padding-top: 20px !important;padding-bottom: 20px !important;}&#8221;][\/vc_column][\/vc_row][\/vc_section][vc_row pix_particles_check=&#8221;&#8221; css=&#8221;.vc_custom_1726852313653{margin-top: -50px !important;}&#8221;][vc_column width=&#8221;1\/3&#8243; css=&#8221;.vc_custom_1603679093013{padding-top: 30px !important;padding-right: 30px !important;padding-bottom: 30px !important;padding-left: 30px !important;}&#8221;][\/vc_column][vc_column width=&#8221;1\/3&#8243;&#8230;","protected":false},"author":1,"featured_media":0,"parent":0,"menu_order":0,"comment_status":"closed","ping_status":"closed","template":"","meta":{"footnotes":""},"class_list":["post-4392","page","type-page","status-publish","hentry"],"yoast_head":"<!-- This site is optimized with the Yoast SEO plugin v27.2 - https:\/\/yoast.com\/product\/yoast-seo-wordpress\/ -->\n<title>M\u00e9s productes - Viladomat Ofim\u00e0tica - Mobiliari hosteleria i ofim\u00e0tica a Manresa, Vic, Berga<\/title>\n<meta name=\"robots\" content=\"index, follow, max-snippet:-1, max-image-preview:large, max-video-preview:-1\" \/>\n<link rel=\"canonical\" href=\"https:\/\/www.viladomatofimatica.cat\/ca\/mas-productos\/\" \/>\n<meta property=\"og:locale\" content=\"ca_ES\" \/>\n<meta property=\"og:type\" content=\"article\" \/>\n<meta property=\"og:title\" content=\"M\u00e9s productes - Viladomat Ofim\u00e0tica - Mobiliari hosteleria i ofim\u00e0tica a Manresa, Vic, Berga\" \/>\n<meta property=\"og:description\" content=\"[vc_section full_width=&#8221;stretch_row&#8221; pix_over_visibility=&#8221;&#8221; bottom_divider_select=&#8221;20&#8243; bottom_layers=&#8221;1&#8243; b_has_animation=&#8221;true&#8221; responsive_css=&#8221;{&#8220;pix_res_sm_pt&#8220;:&#8220;20&#8220;,&#8220;pix_res_sm_pb&#8220;:&#8220;20&#8220;,&#8220;pix_res_md_pt&#8220;:&#8220;40&#8220;,&#8220;pix_res_md_pb&#8220;:&#8220;40&#8220;}&#8221; css=&#8221;.vc_custom_1605414223113{padding-top: 180px !important;padding-bottom: 80px !important;background-color: #fff7ef !important;}&#8221;][vc_row full_width=&#8221;stretch_row&#8221; content_placement=&#8221;middle&#8221; pix_particles_check=&#8221;&#8221; css=&#8221;.vc_custom_1603925891799{padding-top: 40px !important;}&#8221;][vc_column css=&#8221;.vc_custom_1604715604745{padding-top: 20px !important;padding-bottom: 20px !important;}&#8221;][\/vc_column][\/vc_row][\/vc_section][vc_row pix_particles_check=&#8221;&#8221; css=&#8221;.vc_custom_1726852313653{margin-top: -50px !important;}&#8221;][vc_column width=&#8221;1\/3&#8243; css=&#8221;.vc_custom_1603679093013{padding-top: 30px !important;padding-right: 30px !important;padding-bottom: 30px !important;padding-left: 30px !important;}&#8221;][\/vc_column][vc_column width=&#8221;1\/3&#8243;...\" \/>\n<meta property=\"og:url\" content=\"https:\/\/www.viladomatofimatica.cat\/ca\/mas-productos\/\" \/>\n<meta property=\"og:site_name\" content=\"Viladomat Ofim\u00e0tica - Mobiliari hosteleria i ofim\u00e0tica a Manresa, Vic, Berga\" \/>\n<meta property=\"article:modified_time\" content=\"2024-09-26T09:10:47+00:00\" \/>\n<meta name=\"twitter:card\" content=\"summary_large_image\" \/>\n<meta name=\"twitter:label1\" content=\"Temps estimat de lectura\" \/>\n\t<meta name=\"twitter:data1\" content=\"3 minuts\" \/>\n<script type=\"application\/ld+json\" class=\"yoast-schema-graph\">{\"@context\":\"https:\/\/schema.org\",\"@graph\":[{\"@type\":\"WebPage\",\"@id\":\"https:\/\/www.viladomatofimatica.cat\/ca\/mas-productos\/\",\"url\":\"https:\/\/www.viladomatofimatica.cat\/ca\/mas-productos\/\",\"name\":\"M\u00e9s productes - Viladomat Ofim\u00e0tica - Mobiliari hosteleria i ofim\u00e0tica a Manresa, Vic, Berga\",\"isPartOf\":{\"@id\":\"https:\/\/www.viladomatofimatica.cat\/ca\/#website\"},\"datePublished\":\"2024-09-20T14:03:21+00:00\",\"dateModified\":\"2024-09-26T09:10:47+00:00\",\"breadcrumb\":{\"@id\":\"https:\/\/www.viladomatofimatica.cat\/ca\/mas-productos\/#breadcrumb\"},\"inLanguage\":\"ca\",\"potentialAction\":[{\"@type\":\"ReadAction\",\"target\":[\"https:\/\/www.viladomatofimatica.cat\/ca\/mas-productos\/\"]}]},{\"@type\":\"BreadcrumbList\",\"@id\":\"https:\/\/www.viladomatofimatica.cat\/ca\/mas-productos\/#breadcrumb\",\"itemListElement\":[{\"@type\":\"ListItem\",\"position\":1,\"name\":\"Portada\",\"item\":\"https:\/\/www.viladomatofimatica.cat\/ca\/inicio\/\"},{\"@type\":\"ListItem\",\"position\":2,\"name\":\"M\u00e9s productes\"}]},{\"@type\":\"WebSite\",\"@id\":\"https:\/\/www.viladomatofimatica.cat\/ca\/#website\",\"url\":\"https:\/\/www.viladomatofimatica.cat\/ca\/\",\"name\":\"Viladomat Ofim\u00e0tica - Solucions hostaleria i ofim\u00e0tica a Manresa, Vic, Berga\",\"description\":\"Mobiliari hosteleria i ofimatica a Manresa, Vic, Berga\",\"publisher\":{\"@id\":\"https:\/\/www.viladomatofimatica.cat\/ca\/#organization\"},\"potentialAction\":[{\"@type\":\"SearchAction\",\"target\":{\"@type\":\"EntryPoint\",\"urlTemplate\":\"https:\/\/www.viladomatofimatica.cat\/ca\/?s={search_term_string}\"},\"query-input\":{\"@type\":\"PropertyValueSpecification\",\"valueRequired\":true,\"valueName\":\"search_term_string\"}}],\"inLanguage\":\"ca\"},{\"@type\":\"Organization\",\"@id\":\"https:\/\/www.viladomatofimatica.cat\/ca\/#organization\",\"name\":\"Viladomat Ofim\u00e0tica - Solucions hostaleria i ofim\u00e0tica a Manresa, Vic, Berga\",\"url\":\"https:\/\/www.viladomatofimatica.cat\/ca\/\",\"logo\":{\"@type\":\"ImageObject\",\"inLanguage\":\"ca\",\"@id\":\"https:\/\/www.viladomatofimatica.cat\/ca\/#\/schema\/logo\/image\/\",\"url\":\"https:\/\/www.viladomatofimatica.cat\/wp-content\/uploads\/2025\/03\/img-logo-viladomat-ofimatica-20251.jpg\",\"contentUrl\":\"https:\/\/www.viladomatofimatica.cat\/wp-content\/uploads\/2025\/03\/img-logo-viladomat-ofimatica-20251.jpg\",\"width\":250,\"height\":100,\"caption\":\"Viladomat Ofim\u00e0tica - Solucions hostaleria i ofim\u00e0tica a Manresa, Vic, Berga\"},\"image\":{\"@id\":\"https:\/\/www.viladomatofimatica.cat\/ca\/#\/schema\/logo\/image\/\"},\"sameAs\":[\"https:\/\/www.instagram.com\/viladomatofimatica\/\"]}]}<\/script>\n<!-- \/ Yoast SEO plugin. -->","yoast_head_json":{"title":"M\u00e9s productes - Viladomat Ofim\u00e0tica - Mobiliari hosteleria i ofim\u00e0tica a Manresa, Vic, Berga","robots":{"index":"index","follow":"follow","max-snippet":"max-snippet:-1","max-image-preview":"max-image-preview:large","max-video-preview":"max-video-preview:-1"},"canonical":"https:\/\/www.viladomatofimatica.cat\/ca\/mas-productos\/","og_locale":"ca_ES","og_type":"article","og_title":"M\u00e9s productes - Viladomat Ofim\u00e0tica - Mobiliari hosteleria i ofim\u00e0tica a Manresa, Vic, Berga","og_description":"[vc_section full_width=&#8221;stretch_row&#8221; pix_over_visibility=&#8221;&#8221; bottom_divider_select=&#8221;20&#8243; bottom_layers=&#8221;1&#8243; b_has_animation=&#8221;true&#8221; responsive_css=&#8221;{&#8220;pix_res_sm_pt&#8220;:&#8220;20&#8220;,&#8220;pix_res_sm_pb&#8220;:&#8220;20&#8220;,&#8220;pix_res_md_pt&#8220;:&#8220;40&#8220;,&#8220;pix_res_md_pb&#8220;:&#8220;40&#8220;}&#8221; css=&#8221;.vc_custom_1605414223113{padding-top: 180px !important;padding-bottom: 80px !important;background-color: #fff7ef !important;}&#8221;][vc_row full_width=&#8221;stretch_row&#8221; content_placement=&#8221;middle&#8221; pix_particles_check=&#8221;&#8221; css=&#8221;.vc_custom_1603925891799{padding-top: 40px !important;}&#8221;][vc_column css=&#8221;.vc_custom_1604715604745{padding-top: 20px !important;padding-bottom: 20px !important;}&#8221;][\/vc_column][\/vc_row][\/vc_section][vc_row pix_particles_check=&#8221;&#8221; css=&#8221;.vc_custom_1726852313653{margin-top: -50px !important;}&#8221;][vc_column width=&#8221;1\/3&#8243; css=&#8221;.vc_custom_1603679093013{padding-top: 30px !important;padding-right: 30px !important;padding-bottom: 30px !important;padding-left: 30px !important;}&#8221;][\/vc_column][vc_column width=&#8221;1\/3&#8243;...","og_url":"https:\/\/www.viladomatofimatica.cat\/ca\/mas-productos\/","og_site_name":"Viladomat Ofim\u00e0tica - Mobiliari hosteleria i ofim\u00e0tica a Manresa, Vic, Berga","article_modified_time":"2024-09-26T09:10:47+00:00","twitter_card":"summary_large_image","twitter_misc":{"Temps estimat de lectura":"3 minuts"},"schema":{"@context":"https:\/\/schema.org","@graph":[{"@type":"WebPage","@id":"https:\/\/www.viladomatofimatica.cat\/ca\/mas-productos\/","url":"https:\/\/www.viladomatofimatica.cat\/ca\/mas-productos\/","name":"M\u00e9s productes - Viladomat Ofim\u00e0tica - Mobiliari hosteleria i ofim\u00e0tica a Manresa, Vic, Berga","isPartOf":{"@id":"https:\/\/www.viladomatofimatica.cat\/ca\/#website"},"datePublished":"2024-09-20T14:03:21+00:00","dateModified":"2024-09-26T09:10:47+00:00","breadcrumb":{"@id":"https:\/\/www.viladomatofimatica.cat\/ca\/mas-productos\/#breadcrumb"},"inLanguage":"ca","potentialAction":[{"@type":"ReadAction","target":["https:\/\/www.viladomatofimatica.cat\/ca\/mas-productos\/"]}]},{"@type":"BreadcrumbList","@id":"https:\/\/www.viladomatofimatica.cat\/ca\/mas-productos\/#breadcrumb","itemListElement":[{"@type":"ListItem","position":1,"name":"Portada","item":"https:\/\/www.viladomatofimatica.cat\/ca\/inicio\/"},{"@type":"ListItem","position":2,"name":"M\u00e9s productes"}]},{"@type":"WebSite","@id":"https:\/\/www.viladomatofimatica.cat\/ca\/#website","url":"https:\/\/www.viladomatofimatica.cat\/ca\/","name":"Viladomat Ofim\u00e0tica - Solucions hostaleria i ofim\u00e0tica a Manresa, Vic, Berga","description":"Mobiliari hosteleria i ofimatica a Manresa, Vic, Berga","publisher":{"@id":"https:\/\/www.viladomatofimatica.cat\/ca\/#organization"},"potentialAction":[{"@type":"SearchAction","target":{"@type":"EntryPoint","urlTemplate":"https:\/\/www.viladomatofimatica.cat\/ca\/?s={search_term_string}"},"query-input":{"@type":"PropertyValueSpecification","valueRequired":true,"valueName":"search_term_string"}}],"inLanguage":"ca"},{"@type":"Organization","@id":"https:\/\/www.viladomatofimatica.cat\/ca\/#organization","name":"Viladomat Ofim\u00e0tica - Solucions hostaleria i ofim\u00e0tica a Manresa, Vic, Berga","url":"https:\/\/www.viladomatofimatica.cat\/ca\/","logo":{"@type":"ImageObject","inLanguage":"ca","@id":"https:\/\/www.viladomatofimatica.cat\/ca\/#\/schema\/logo\/image\/","url":"https:\/\/www.viladomatofimatica.cat\/wp-content\/uploads\/2025\/03\/img-logo-viladomat-ofimatica-20251.jpg","contentUrl":"https:\/\/www.viladomatofimatica.cat\/wp-content\/uploads\/2025\/03\/img-logo-viladomat-ofimatica-20251.jpg","width":250,"height":100,"caption":"Viladomat Ofim\u00e0tica - Solucions hostaleria i ofim\u00e0tica a Manresa, Vic, Berga"},"image":{"@id":"https:\/\/www.viladomatofimatica.cat\/ca\/#\/schema\/logo\/image\/"},"sameAs":["https:\/\/www.instagram.com\/viladomatofimatica\/"]}]}},"_links":{"self":[{"href":"https:\/\/www.viladomatofimatica.cat\/ca\/wp-json\/wp\/v2\/pages\/4392","targetHints":{"allow":["GET"]}}],"collection":[{"href":"https:\/\/www.viladomatofimatica.cat\/ca\/wp-json\/wp\/v2\/pages"}],"about":[{"href":"https:\/\/www.viladomatofimatica.cat\/ca\/wp-json\/wp\/v2\/types\/page"}],"author":[{"embeddable":true,"href":"https:\/\/www.viladomatofimatica.cat\/ca\/wp-json\/wp\/v2\/users\/1"}],"replies":[{"embeddable":true,"href":"https:\/\/www.viladomatofimatica.cat\/ca\/wp-json\/wp\/v2\/comments?post=4392"}],"version-history":[{"count":4,"href":"https:\/\/www.viladomatofimatica.cat\/ca\/wp-json\/wp\/v2\/pages\/4392\/revisions"}],"predecessor-version":[{"id":4399,"href":"https:\/\/www.viladomatofimatica.cat\/ca\/wp-json\/wp\/v2\/pages\/4392\/revisions\/4399"}],"wp:attachment":[{"href":"https:\/\/www.viladomatofimatica.cat\/ca\/wp-json\/wp\/v2\/media?parent=4392"}],"curies":[{"name":"wp","href":"https:\/\/api.w.org\/{rel}","templated":true}]}}