{"id":4402,"date":"2024-09-20T15:42:45","date_gmt":"2024-09-20T13:42:45","guid":{"rendered":"https:\/\/www.viladomatofimatica.cat\/pesaje\/"},"modified":"2025-03-31T13:03:54","modified_gmt":"2025-03-31T11:03:54","slug":"pesaje","status":"publish","type":"page","link":"https:\/\/www.viladomatofimatica.cat\/ca\/pesaje\/","title":{"rendered":"Pesatge"},"content":{"rendered":"<div class=\"wpb-content-wrapper\"><p>[vc_section full_width=&#8221;stretch_row&#8221; pix_over_visibility=&#8221;&#8221; bottom_divider_select=&#8221;19&#8243; bottom_layers=&#8221;1&#8243; b_has_animation=&#8221;true&#8221; pix_overlay_color=&#8221;black&#8221; responsive_css=&#8221;{&#8220;pix_res_sm_pt&#8220;:&#8220;20&#8220;,&#8220;pix_res_sm_pb&#8220;:&#8220;20&#8220;,&#8220;pix_res_md_pt&#8220;:&#8220;40&#8220;,&#8220;pix_res_md_pb&#8220;:&#8220;40&#8220;}&#8221; css=&#8221;.vc_custom_1727449636641{padding-top: 180px !important;padding-bottom: 80px !important;background: #fff7ef url(https:\/\/www.viladomatofimatica.cat\/wp-content\/uploads\/2024\/09\/img-pag-pesatge-viladomatofimatica.jpg?id=4627) !important;background-position: center !important;background-repeat: no-repeat !important;background-size: cover !important;}&#8221; pix_overlay_opacity=&#8221;0.55&#8243;][vc_row pix_particles_check=&#8221;&#8221; b_custom_height=&#8221;200px&#8221;][vc_column]<div id=\"el1727348363925-1f28a882-6013\" class=\"pix-highlighted-element text-center  vc_custom_1727426069128\"><h1 class=\"pix-highlighted-items \" style=\"\" data-anim-type=\"\" data-anim-delay=\"0\"><span id=\"el1727348363925-1f28a882-6013-0\" class=\"pix-highlight-bg align-middle2  el1727348363925-1f28a882-6013-0 animate-in\" data-anim-type=\"highlight-grow\" data-anim-delay=\"200\"><span class=\"pix-highlighted-text  pix-highlight-item font-weight-normal  font-weight-bold heading-font el-title_custom_color\">Sistemes de pesatge&nbsp;<\/span><\/span><\/br><span id=\"el1727348363925-1f28a882-6013-1\" class=\"\"><span class=\"pix-highlighted-text pix-highlight-item font-weight-normal  font-weight-bold heading-font el1727348363925-1f28a882-6013-1 el-title_custom_color\">per a cada tipus de negoci<\/span><\/span><\/br><\/h1><\/div>[vc_custom_heading text=&#8221;<b>B\u00e0scules de precisi\u00f3, b\u00e0scules amb pantalla t\u00e0ctil<\/b>, aut\u00f2nomes, <b>b\u00e0scules amb impressora<\/b> integrada. Nom\u00e9s digues-nos que vols pesar i t\u2019assessorem sobre els millors dispositius per al teu negoci.&#8221; font_container=&#8221;tag:h4|text_align:center|color:%23FFFFFF&#8221; use_theme_fonts=&#8221;yes&#8221; css=&#8221;.vc_custom_1727425940463{margin-top: 20px !important;}&#8221;][\/vc_column][\/vc_row][vc_row full_width=&#8221;stretch_row&#8221; content_placement=&#8221;middle&#8221; pix_particles_check=&#8221;&#8221; css=&#8221;.vc_custom_1603925891799{padding-top: 40px !important;}&#8221;][vc_column width=&#8221;1\/2&#8243; css=&#8221;.vc_custom_1604715604745{padding-top: 20px !important;padding-bottom: 20px !important;}&#8221;]<div class=\"pix-content-box card      vc_custom_1726830863844    rounded-xl shadow-lg shadow-hover-lg fly animate-in bg- w-100  \"  data-anim-type=\"fade-in-up\" data-anim-delay=\"0\"><div class=\"\" style=\"z-index:30;position:relative;\"><div id=\"el1727425472673-f53eb2b9-1ef3\" class=\"pix-highlighted-element text-left \"><h4 class=\"pix-highlighted-items \" style=\"\" data-anim-type=\"\" data-anim-delay=\"0\"><span id=\"el1727425472673-f53eb2b9-1ef3-0\" class=\"\"><span class=\"pix-highlighted-text pix-highlight-item font-weight-normal  heading-font text-heading-default\">El nostre cat\u00e0leg de&nbsp;<\/span><\/span><span id=\"el1727425472673-f53eb2b9-1ef3-1\" class=\"pix-highlight-bg align-middle2  el1727425472673-f53eb2b9-1ef3-1 animate-in\" data-anim-type=\"highlight-grow\" data-anim-delay=\"200\"><span class=\"pix-highlighted-text  pix-highlight-item font-weight-normal  heading-font text-heading-default\">B\u00e1sculas<\/span><\/span><\/h4><\/div><div id=\"el1726830466342-4d159fa4-a138\" class=\"mb-3 text-left  vc_custom_1743419024752\"><p class=\"mb-32 pix-sliding-headline-2 animate-in secondary-font \" data-anim-type=\"pix-sliding-text\" pix-anim-delay=\"500\" data-class=\"secondary-font text-heading-default\" style=\"\"><span class=\"slide-in-container \"><span class=\"pix-sliding-item secondary-font text-heading-default\" style=\"transition-delay: 0ms;\">Omple&#32;<\/span><\/span> <span class=\"slide-in-container \"><span class=\"pix-sliding-item secondary-font text-heading-default\" style=\"transition-delay: 150ms;\">el&#32;<\/span><\/span> <span class=\"slide-in-container \"><span class=\"pix-sliding-item secondary-font text-heading-default\" style=\"transition-delay: 300ms;\">seg\u00fcent&#32;<\/span><\/span> <span class=\"slide-in-container \"><span class=\"pix-sliding-item secondary-font text-heading-default\" style=\"transition-delay: 450ms;\">formulari&#32;<\/span><\/span> <span class=\"slide-in-container \"><span class=\"pix-sliding-item secondary-font text-heading-default\" style=\"transition-delay: 600ms;\">per&#32;<\/span><\/span> <span class=\"slide-in-container \"><span class=\"pix-sliding-item secondary-font text-heading-default\" style=\"transition-delay: 750ms;\">sol\u00b7licitar&#32;<\/span><\/span> <span class=\"slide-in-container \"><span class=\"pix-sliding-item secondary-font text-heading-default\" style=\"transition-delay: 900ms;\">m\u00e9s&#32;<\/span><\/span> <span class=\"slide-in-container \"><span class=\"pix-sliding-item secondary-font text-heading-default\" style=\"transition-delay: 1050ms;\">informaci\u00f3&#32;<\/span><\/span> <span class=\"slide-in-container \"><span class=\"pix-sliding-item secondary-font text-heading-default\" style=\"transition-delay: 1200ms;\">i&#32;<\/span><\/span> <span class=\"slide-in-container \"><span class=\"pix-sliding-item secondary-font text-heading-default\" style=\"transition-delay: 1350ms;\">ens&#32;<\/span><\/span> <span class=\"slide-in-container \"><span class=\"pix-sliding-item secondary-font text-heading-default\" style=\"transition-delay: 1500ms;\">posarem&#32;<\/span><\/span> <span class=\"slide-in-container \"><span class=\"pix-sliding-item secondary-font text-heading-default\" style=\"transition-delay: 1650ms;\">en&#32;<\/span><\/span> <span class=\"slide-in-container \"><span class=\"pix-sliding-item secondary-font text-heading-default\" style=\"transition-delay: 1800ms;\">contacte&#32;<\/span><\/span> <span class=\"slide-in-container \"><span class=\"pix-sliding-item secondary-font text-heading-default\" style=\"transition-delay: 1950ms;\">el&#32;<\/span><\/span> <span class=\"slide-in-container \"><span class=\"pix-sliding-item secondary-font text-heading-default\" style=\"transition-delay: 2100ms;\">m\u00e9s&#32;<\/span><\/span> <span class=\"slide-in-container \"><span class=\"pix-sliding-item secondary-font text-heading-default\" style=\"transition-delay: 2250ms;\">aviat&#32;<\/span><\/span> <span class=\"slide-in-container \"><span class=\"pix-sliding-item secondary-font text-heading-default\" style=\"transition-delay: 2400ms;\">possible.&#32;<\/span><\/span> <\/p><\/div>\n<div class=\"wpcf7 no-js\" id=\"wpcf7-f5044-o1\" lang=\"ca\" dir=\"ltr\" data-wpcf7-id=\"5044\">\n<div class=\"screen-reader-response\"><p role=\"status\" aria-live=\"polite\" aria-atomic=\"true\"><\/p> <ul><\/ul><\/div>\n<form action=\"\/ca\/wp-json\/wp\/v2\/pages\/4402#wpcf7-f5044-o1\" method=\"post\" class=\"wpcf7-form init\" aria-label=\"Formulari de contacte\" novalidate=\"novalidate\" data-status=\"init\">\n<fieldset class=\"hidden-fields-container\"><input type=\"hidden\" name=\"_wpcf7\" value=\"5044\" \/><input type=\"hidden\" name=\"_wpcf7_version\" value=\"6.1.5\" \/><input type=\"hidden\" name=\"_wpcf7_locale\" value=\"ca\" \/><input type=\"hidden\" name=\"_wpcf7_unit_tag\" value=\"wpcf7-f5044-o1\" \/><input type=\"hidden\" name=\"_wpcf7_container_post\" value=\"0\" \/><input type=\"hidden\" name=\"_wpcf7_posted_data_hash\" value=\"\" \/><input type=\"hidden\" name=\"_wpcf7_recaptcha_response\" value=\"\" \/>\n<\/fieldset>\n<div class=\"pix-contact7-form\"><p><label> Nom i cognoms:<br \/>\n<span class=\"wpcf7-form-control-wrap\" data-name=\"your-name\"><input size=\"40\" maxlength=\"400\" class=\"wpcf7-form-control wpcf7-text wpcf7-validates-as-required\" autocomplete=\"name\" aria-required=\"true\" aria-invalid=\"false\" value=\"\" type=\"text\" name=\"your-name\" \/><\/span> <\/label>\n<\/p>\n<p><label> Email:<br \/>\n<span class=\"wpcf7-form-control-wrap\" data-name=\"your-email\"><input size=\"40\" maxlength=\"400\" class=\"wpcf7-form-control wpcf7-email wpcf7-validates-as-required wpcf7-text wpcf7-validates-as-email\" autocomplete=\"email\" aria-required=\"true\" aria-invalid=\"false\" value=\"\" type=\"email\" name=\"your-email\" \/><\/span> <\/label>\n<\/p>\n<p><label> Tel\u00e8fon:<br \/>\n<span class=\"wpcf7-form-control-wrap\" data-name=\"your-phone\"><input size=\"40\" maxlength=\"400\" class=\"wpcf7-form-control wpcf7-text wpcf7-validates-as-required\" aria-required=\"true\" aria-invalid=\"false\" value=\"\" type=\"text\" name=\"your-phone\" \/><\/span> <\/label>\n<\/p>\n<p><span class=\"wpcf7-form-control-wrap\" data-name=\"aceptance-446\"><span class=\"wpcf7-form-control wpcf7-acceptance\"><span class=\"wpcf7-list-item\"><label><input type=\"checkbox\" name=\"aceptance-446\" value=\"1\" aria-invalid=\"false\" \/><span class=\"wpcf7-list-item-label\"><small> <a href=\"https:\/\/www.viladomatofimatica.cat\/ca\/avis-legal-politica-privacitat\/\">He llegit i accepto <a href=\"https:\/\/www.viladomatofimatica.cat\/ca\/avis-legal-politica-privacitat\/\">l'Av\u00eds Legal i la Pol\u00edtica de Privadesa<\/a>.<\/small><\/span><\/label><\/span><\/span><\/span><br \/>\n<input class=\"wpcf7-form-control wpcf7-submit has-spinner\" type=\"submit\" value=\"Sol\u00b7licitar\" \/>\n<\/p><\/div><div class=\"wpcf7-response-output\" aria-hidden=\"true\"><\/div>\n<\/form>\n<\/div>\n<\/div><\/div>[\/vc_column][vc_column width=&#8221;1\/2&#8243;]<div class=\"pix-img-element d-inline-block \" ><div class=\"animate-in  d-inline-block\" data-anim-type=\"fade-in-up\" data-anim-delay=\"0\"><div class=\"pix-img-el    scale-inverse-sm text-left d-inline-block  w-100 rounded-10\"  ><img loading=\"lazy\" decoding=\"async\" class=\"card-img2 pix-img-elem rounded-10  h-1002\" style=\"height:auto;\" width=\"1024\" height=\"768\" srcset=\"https:\/\/www.viladomatofimatica.cat\/wp-content\/uploads\/2024\/09\/basculas.png 1024w, https:\/\/www.viladomatofimatica.cat\/wp-content\/uploads\/2024\/09\/basculas-300x225.png 300w, https:\/\/www.viladomatofimatica.cat\/wp-content\/uploads\/2024\/09\/basculas-768x576.png 768w, https:\/\/www.viladomatofimatica.cat\/wp-content\/uploads\/2024\/09\/basculas-600x450.png 600w\" sizes=\"auto, (max-width: 1024px) 100vw, 1024px\" src=\"https:\/\/www.viladomatofimatica.cat\/wp-content\/uploads\/2024\/09\/basculas.png\" alt=\"Image link\" \/><\/div><\/div><\/div>[vc_empty_space height=&#8221;75px&#8221;][vc_row_inner css=&#8221;.vc_custom_1726839331514{margin-top: -70px !important;}&#8221;][vc_column_inner content_align=&#8221;text-center&#8221;]<div class=\"pix-img-element d-inline-block \" ><div class=\"pix-img-el  vc_custom_1727191353131   text-left d-inline-block   rounded-0\"  ><img loading=\"lazy\" decoding=\"async\" class=\"card-img2 pix-img-elem rounded-0  h-1002\" style=\"width:150px;height:auto;\" width=\"208\" height=\"89\" src=\"https:\/\/www.viladomatofimatica.cat\/wp-content\/uploads\/2024\/09\/img-logo-espelsa.jpg\" alt=\"Image link\" \/><\/div><\/div><div class=\"pix-img-element d-inline-block \" ><div class=\"pix-img-el  vc_custom_1727191375370   text-left d-inline-block   rounded-0\"  ><img loading=\"lazy\" decoding=\"async\" class=\"card-img2 pix-img-elem rounded-0  h-1002\" style=\"width:150px;height:auto;\" width=\"208\" height=\"89\" src=\"https:\/\/www.viladomatofimatica.cat\/wp-content\/uploads\/2024\/09\/img-mettler-toledo.jpg\" alt=\"Image link\" \/><\/div><\/div><div class=\"pix-img-element d-inline-block \" ><div class=\"pix-img-el  vc_custom_1727191381350   text-left d-inline-block   rounded-0\"  ><img loading=\"lazy\" decoding=\"async\" class=\"card-img2 pix-img-elem rounded-0  h-1002\" style=\"width:150px;height:auto;\" width=\"208\" height=\"89\" src=\"https:\/\/www.viladomatofimatica.cat\/wp-content\/uploads\/2024\/09\/img-logo-magrina.jpg\" alt=\"Image link\" \/><\/div><\/div>[\/vc_column_inner][\/vc_row_inner][\/vc_column][\/vc_row][\/vc_section]<\/p>\r\n<\/div>","protected":false},"excerpt":{"rendered":"[vc_section full_width=&#8221;stretch_row&#8221; pix_over_visibility=&#8221;&#8221; bottom_divider_select=&#8221;19&#8243; bottom_layers=&#8221;1&#8243; b_has_animation=&#8221;true&#8221; pix_overlay_color=&#8221;black&#8221; responsive_css=&#8221;{&#8220;pix_res_sm_pt&#8220;:&#8220;20&#8220;,&#8220;pix_res_sm_pb&#8220;:&#8220;20&#8220;,&#8220;pix_res_md_pt&#8220;:&#8220;40&#8220;,&#8220;pix_res_md_pb&#8220;:&#8220;40&#8220;}&#8221; css=&#8221;.vc_custom_1727449636641{padding-top: 180px !important;padding-bottom: 80px !important;background: #fff7ef url(https:\/\/www.viladomatofimatica.cat\/wp-content\/uploads\/2024\/09\/img-pag-pesatge-viladomatofimatica.jpg?id=4627) !important;background-position: center !important;background-repeat: no-repeat !important;background-size: cover !important;}&#8221; pix_overlay_opacity=&#8221;0.55&#8243;][vc_row pix_particles_check=&#8221;&#8221; b_custom_height=&#8221;200px&#8221;][vc_column][vc_custom_heading text=&#8221;B\u00e0scules de precisi\u00f3, b\u00e0scules amb pantalla t\u00e0ctil, aut\u00f2nomes, b\u00e0scules amb impressora integrada. Nom\u00e9s digues-nos que&#8230;","protected":false},"author":1,"featured_media":0,"parent":0,"menu_order":0,"comment_status":"closed","ping_status":"closed","template":"","meta":{"footnotes":""},"class_list":["post-4402","page","type-page","status-publish","hentry"],"yoast_head":"<!-- This site is optimized with the Yoast SEO plugin v27.2 - https:\/\/yoast.com\/product\/yoast-seo-wordpress\/ -->\n<title>Pesatge - Viladomat Ofim\u00e0tica - Mobiliari hosteleria i ofim\u00e0tica a Manresa, Vic, Berga<\/title>\n<meta name=\"robots\" content=\"index, follow, max-snippet:-1, max-image-preview:large, max-video-preview:-1\" \/>\n<link rel=\"canonical\" href=\"https:\/\/www.viladomatofimatica.cat\/ca\/pesaje\/\" \/>\n<meta property=\"og:locale\" content=\"ca_ES\" \/>\n<meta property=\"og:type\" content=\"article\" \/>\n<meta property=\"og:title\" content=\"Pesatge - Viladomat Ofim\u00e0tica - Mobiliari hosteleria i ofim\u00e0tica a Manresa, Vic, Berga\" \/>\n<meta property=\"og:description\" content=\"[vc_section full_width=&#8221;stretch_row&#8221; pix_over_visibility=&#8221;&#8221; bottom_divider_select=&#8221;19&#8243; bottom_layers=&#8221;1&#8243; b_has_animation=&#8221;true&#8221; pix_overlay_color=&#8221;black&#8221; responsive_css=&#8221;{&#8220;pix_res_sm_pt&#8220;:&#8220;20&#8220;,&#8220;pix_res_sm_pb&#8220;:&#8220;20&#8220;,&#8220;pix_res_md_pt&#8220;:&#8220;40&#8220;,&#8220;pix_res_md_pb&#8220;:&#8220;40&#8220;}&#8221; css=&#8221;.vc_custom_1727449636641{padding-top: 180px !important;padding-bottom: 80px !important;background: #fff7ef url(https:\/\/www.viladomatofimatica.cat\/wp-content\/uploads\/2024\/09\/img-pag-pesatge-viladomatofimatica.jpg?id=4627) !important;background-position: center !important;background-repeat: no-repeat !important;background-size: cover !important;}&#8221; pix_overlay_opacity=&#8221;0.55&#8243;][vc_row pix_particles_check=&#8221;&#8221; b_custom_height=&#8221;200px&#8221;][vc_column][vc_custom_heading text=&#8221;B\u00e0scules de precisi\u00f3, b\u00e0scules amb pantalla t\u00e0ctil, aut\u00f2nomes, b\u00e0scules amb impressora integrada. Nom\u00e9s digues-nos que...\" \/>\n<meta property=\"og:url\" content=\"https:\/\/www.viladomatofimatica.cat\/ca\/pesaje\/\" \/>\n<meta property=\"og:site_name\" content=\"Viladomat Ofim\u00e0tica - Mobiliari hosteleria i ofim\u00e0tica a Manresa, Vic, Berga\" \/>\n<meta property=\"article:modified_time\" content=\"2025-03-31T11:03:54+00:00\" \/>\n<meta name=\"twitter:card\" content=\"summary_large_image\" \/>\n<meta name=\"twitter:label1\" content=\"Temps estimat de lectura\" \/>\n\t<meta name=\"twitter:data1\" content=\"3 minuts\" \/>\n<script type=\"application\/ld+json\" class=\"yoast-schema-graph\">{\"@context\":\"https:\/\/schema.org\",\"@graph\":[{\"@type\":\"WebPage\",\"@id\":\"https:\/\/www.viladomatofimatica.cat\/ca\/pesaje\/\",\"url\":\"https:\/\/www.viladomatofimatica.cat\/ca\/pesaje\/\",\"name\":\"Pesatge - Viladomat Ofim\u00e0tica - Mobiliari hosteleria i ofim\u00e0tica a Manresa, Vic, Berga\",\"isPartOf\":{\"@id\":\"https:\/\/www.viladomatofimatica.cat\/ca\/#website\"},\"datePublished\":\"2024-09-20T13:42:45+00:00\",\"dateModified\":\"2025-03-31T11:03:54+00:00\",\"breadcrumb\":{\"@id\":\"https:\/\/www.viladomatofimatica.cat\/ca\/pesaje\/#breadcrumb\"},\"inLanguage\":\"ca\",\"potentialAction\":[{\"@type\":\"ReadAction\",\"target\":[\"https:\/\/www.viladomatofimatica.cat\/ca\/pesaje\/\"]}]},{\"@type\":\"BreadcrumbList\",\"@id\":\"https:\/\/www.viladomatofimatica.cat\/ca\/pesaje\/#breadcrumb\",\"itemListElement\":[{\"@type\":\"ListItem\",\"position\":1,\"name\":\"Portada\",\"item\":\"https:\/\/www.viladomatofimatica.cat\/ca\/inicio\/\"},{\"@type\":\"ListItem\",\"position\":2,\"name\":\"Pesatge\"}]},{\"@type\":\"WebSite\",\"@id\":\"https:\/\/www.viladomatofimatica.cat\/ca\/#website\",\"url\":\"https:\/\/www.viladomatofimatica.cat\/ca\/\",\"name\":\"Viladomat Ofim\u00e0tica - Solucions hostaleria i ofim\u00e0tica a Manresa, Vic, Berga\",\"description\":\"Mobiliari hosteleria i ofimatica a Manresa, Vic, Berga\",\"publisher\":{\"@id\":\"https:\/\/www.viladomatofimatica.cat\/ca\/#organization\"},\"potentialAction\":[{\"@type\":\"SearchAction\",\"target\":{\"@type\":\"EntryPoint\",\"urlTemplate\":\"https:\/\/www.viladomatofimatica.cat\/ca\/?s={search_term_string}\"},\"query-input\":{\"@type\":\"PropertyValueSpecification\",\"valueRequired\":true,\"valueName\":\"search_term_string\"}}],\"inLanguage\":\"ca\"},{\"@type\":\"Organization\",\"@id\":\"https:\/\/www.viladomatofimatica.cat\/ca\/#organization\",\"name\":\"Viladomat Ofim\u00e0tica - Solucions hostaleria i ofim\u00e0tica a Manresa, Vic, Berga\",\"url\":\"https:\/\/www.viladomatofimatica.cat\/ca\/\",\"logo\":{\"@type\":\"ImageObject\",\"inLanguage\":\"ca\",\"@id\":\"https:\/\/www.viladomatofimatica.cat\/ca\/#\/schema\/logo\/image\/\",\"url\":\"https:\/\/www.viladomatofimatica.cat\/wp-content\/uploads\/2025\/03\/img-logo-viladomat-ofimatica-20251.jpg\",\"contentUrl\":\"https:\/\/www.viladomatofimatica.cat\/wp-content\/uploads\/2025\/03\/img-logo-viladomat-ofimatica-20251.jpg\",\"width\":250,\"height\":100,\"caption\":\"Viladomat Ofim\u00e0tica - Solucions hostaleria i ofim\u00e0tica a Manresa, Vic, Berga\"},\"image\":{\"@id\":\"https:\/\/www.viladomatofimatica.cat\/ca\/#\/schema\/logo\/image\/\"},\"sameAs\":[\"https:\/\/www.instagram.com\/viladomatofimatica\/\"]}]}<\/script>\n<!-- \/ Yoast SEO plugin. -->","yoast_head_json":{"title":"Pesatge - Viladomat Ofim\u00e0tica - Mobiliari hosteleria i ofim\u00e0tica a Manresa, Vic, Berga","robots":{"index":"index","follow":"follow","max-snippet":"max-snippet:-1","max-image-preview":"max-image-preview:large","max-video-preview":"max-video-preview:-1"},"canonical":"https:\/\/www.viladomatofimatica.cat\/ca\/pesaje\/","og_locale":"ca_ES","og_type":"article","og_title":"Pesatge - Viladomat Ofim\u00e0tica - Mobiliari hosteleria i ofim\u00e0tica a Manresa, Vic, Berga","og_description":"[vc_section full_width=&#8221;stretch_row&#8221; pix_over_visibility=&#8221;&#8221; bottom_divider_select=&#8221;19&#8243; bottom_layers=&#8221;1&#8243; b_has_animation=&#8221;true&#8221; pix_overlay_color=&#8221;black&#8221; responsive_css=&#8221;{&#8220;pix_res_sm_pt&#8220;:&#8220;20&#8220;,&#8220;pix_res_sm_pb&#8220;:&#8220;20&#8220;,&#8220;pix_res_md_pt&#8220;:&#8220;40&#8220;,&#8220;pix_res_md_pb&#8220;:&#8220;40&#8220;}&#8221; css=&#8221;.vc_custom_1727449636641{padding-top: 180px !important;padding-bottom: 80px !important;background: #fff7ef url(https:\/\/www.viladomatofimatica.cat\/wp-content\/uploads\/2024\/09\/img-pag-pesatge-viladomatofimatica.jpg?id=4627) !important;background-position: center !important;background-repeat: no-repeat !important;background-size: cover !important;}&#8221; pix_overlay_opacity=&#8221;0.55&#8243;][vc_row pix_particles_check=&#8221;&#8221; b_custom_height=&#8221;200px&#8221;][vc_column][vc_custom_heading text=&#8221;B\u00e0scules de precisi\u00f3, b\u00e0scules amb pantalla t\u00e0ctil, aut\u00f2nomes, b\u00e0scules amb impressora integrada. Nom\u00e9s digues-nos que...","og_url":"https:\/\/www.viladomatofimatica.cat\/ca\/pesaje\/","og_site_name":"Viladomat Ofim\u00e0tica - Mobiliari hosteleria i ofim\u00e0tica a Manresa, Vic, Berga","article_modified_time":"2025-03-31T11:03:54+00:00","twitter_card":"summary_large_image","twitter_misc":{"Temps estimat de lectura":"3 minuts"},"schema":{"@context":"https:\/\/schema.org","@graph":[{"@type":"WebPage","@id":"https:\/\/www.viladomatofimatica.cat\/ca\/pesaje\/","url":"https:\/\/www.viladomatofimatica.cat\/ca\/pesaje\/","name":"Pesatge - Viladomat Ofim\u00e0tica - Mobiliari hosteleria i ofim\u00e0tica a Manresa, Vic, Berga","isPartOf":{"@id":"https:\/\/www.viladomatofimatica.cat\/ca\/#website"},"datePublished":"2024-09-20T13:42:45+00:00","dateModified":"2025-03-31T11:03:54+00:00","breadcrumb":{"@id":"https:\/\/www.viladomatofimatica.cat\/ca\/pesaje\/#breadcrumb"},"inLanguage":"ca","potentialAction":[{"@type":"ReadAction","target":["https:\/\/www.viladomatofimatica.cat\/ca\/pesaje\/"]}]},{"@type":"BreadcrumbList","@id":"https:\/\/www.viladomatofimatica.cat\/ca\/pesaje\/#breadcrumb","itemListElement":[{"@type":"ListItem","position":1,"name":"Portada","item":"https:\/\/www.viladomatofimatica.cat\/ca\/inicio\/"},{"@type":"ListItem","position":2,"name":"Pesatge"}]},{"@type":"WebSite","@id":"https:\/\/www.viladomatofimatica.cat\/ca\/#website","url":"https:\/\/www.viladomatofimatica.cat\/ca\/","name":"Viladomat Ofim\u00e0tica - Solucions hostaleria i ofim\u00e0tica a Manresa, Vic, Berga","description":"Mobiliari hosteleria i ofimatica a Manresa, Vic, Berga","publisher":{"@id":"https:\/\/www.viladomatofimatica.cat\/ca\/#organization"},"potentialAction":[{"@type":"SearchAction","target":{"@type":"EntryPoint","urlTemplate":"https:\/\/www.viladomatofimatica.cat\/ca\/?s={search_term_string}"},"query-input":{"@type":"PropertyValueSpecification","valueRequired":true,"valueName":"search_term_string"}}],"inLanguage":"ca"},{"@type":"Organization","@id":"https:\/\/www.viladomatofimatica.cat\/ca\/#organization","name":"Viladomat Ofim\u00e0tica - Solucions hostaleria i ofim\u00e0tica a Manresa, Vic, Berga","url":"https:\/\/www.viladomatofimatica.cat\/ca\/","logo":{"@type":"ImageObject","inLanguage":"ca","@id":"https:\/\/www.viladomatofimatica.cat\/ca\/#\/schema\/logo\/image\/","url":"https:\/\/www.viladomatofimatica.cat\/wp-content\/uploads\/2025\/03\/img-logo-viladomat-ofimatica-20251.jpg","contentUrl":"https:\/\/www.viladomatofimatica.cat\/wp-content\/uploads\/2025\/03\/img-logo-viladomat-ofimatica-20251.jpg","width":250,"height":100,"caption":"Viladomat Ofim\u00e0tica - Solucions hostaleria i ofim\u00e0tica a Manresa, Vic, Berga"},"image":{"@id":"https:\/\/www.viladomatofimatica.cat\/ca\/#\/schema\/logo\/image\/"},"sameAs":["https:\/\/www.instagram.com\/viladomatofimatica\/"]}]}},"_links":{"self":[{"href":"https:\/\/www.viladomatofimatica.cat\/ca\/wp-json\/wp\/v2\/pages\/4402","targetHints":{"allow":["GET"]}}],"collection":[{"href":"https:\/\/www.viladomatofimatica.cat\/ca\/wp-json\/wp\/v2\/pages"}],"about":[{"href":"https:\/\/www.viladomatofimatica.cat\/ca\/wp-json\/wp\/v2\/types\/page"}],"author":[{"embeddable":true,"href":"https:\/\/www.viladomatofimatica.cat\/ca\/wp-json\/wp\/v2\/users\/1"}],"replies":[{"embeddable":true,"href":"https:\/\/www.viladomatofimatica.cat\/ca\/wp-json\/wp\/v2\/comments?post=4402"}],"version-history":[{"count":6,"href":"https:\/\/www.viladomatofimatica.cat\/ca\/wp-json\/wp\/v2\/pages\/4402\/revisions"}],"predecessor-version":[{"id":5045,"href":"https:\/\/www.viladomatofimatica.cat\/ca\/wp-json\/wp\/v2\/pages\/4402\/revisions\/5045"}],"wp:attachment":[{"href":"https:\/\/www.viladomatofimatica.cat\/ca\/wp-json\/wp\/v2\/media?parent=4402"}],"curies":[{"name":"wp","href":"https:\/\/api.w.org\/{rel}","templated":true}]}}