{"id":4407,"date":"2020-10-28T00:30:12","date_gmt":"2020-10-27T22:30:12","guid":{"rendered":"https:\/\/www.viladomatofimatica.cat\/sobre-nosotros\/"},"modified":"2024-09-26T11:12:13","modified_gmt":"2024-09-26T09:12:13","slug":"sobre-nosotros","status":"publish","type":"page","link":"https:\/\/www.viladomatofimatica.cat\/ca\/sobre-nosotros\/","title":{"rendered":"Nosaltres"},"content":{"rendered":"<div class=\"wpb-content-wrapper\">[vc_section full_width=&#8221;stretch_row&#8221; pix_over_visibility=&#8221;&#8221; bottom_divider_select=&#8221;4&#8243; bottom_layers=&#8221;1&#8243; responsive_css=&#8221;{&#8220;pix_res_sm_pt&#8220;:&#8220;60&#8220;,&#8220;pix_res_sm_pb&#8220;:&#8220;60&#8220;,&#8220;pix_res_md_pt&#8220;:&#8220;60&#8220;,&#8220;pix_res_md_pb&#8220;:&#8220;60&#8220;}&#8221; css=&#8221;.vc_custom_1605321024982{padding-top: 200px !important;padding-bottom: 120px !important;background-color: #fff7ef !important;}&#8221;][vc_row full_width=&#8221;stretch_row&#8221; content_placement=&#8221;middle&#8221; pix_particles_check=&#8221;&#8221;][vc_column width=&#8221;5\/12&#8243; css=&#8221;.vc_custom_1726850357582{padding-top: 10px !important;padding-bottom: 30px !important;}&#8221;]<div id=\"el1726850124939-41b1e18e-7804\" class=\"pix-highlighted-element text-left  vc_custom_1727282256166\"><div class=\"pix-highlighted-items \" style=\"font-size:39px;\" data-anim-type=\"\" data-anim-delay=\"0\"><span id=\"el1726850124939-41b1e18e-7804-0\" class=\"\"><span class=\"pix-highlighted-text pix-highlight-item font-weight-normal  heading-font text-heading-default\">&nbsp;A&nbsp;<\/span><\/span><span id=\"el1726850124939-41b1e18e-7804-1\" class=\"\"><span class=\"pix-highlighted-text pix-highlight-item font-weight-normal  font-weight-bold heading-font text-heading-default\">Viladomat Ofim\u00e0tica,<\/span><\/span><\/br><span id=\"el1726850124939-41b1e18e-7804-2\" class=\"pix-highlight-bg align-middle2  el1726850124939-41b1e18e-7804-2 animate-in\" data-anim-type=\"highlight-grow\" data-anim-delay=\"200\"><span class=\"pix-highlighted-text  pix-highlight-item font-weight-normal  font-weight-bold heading-font text-heading-default\">tecnologia que impulsa<\/span><\/span><\/br><span id=\"el1726850124939-41b1e18e-7804-3\" class=\"\"><span class=\"pix-highlighted-text pix-highlight-item font-weight-normal  heading-font text-heading-default\">el teu creixement<\/span><\/span><\/br><\/div><\/div><div class=\"pix-el-text w-100   vc_custom_1727281377377\" ><div class=\"d-inline-block\" style=\"max-width:600px;\"><p class=\"  text-body-default  \" >A <b>Viladomat Ofim\u00e0tica<\/b>, som experts a portar l&#8217;\u00faltima tecnologia a la teva empresa.\r\n\r\nSom especialistes en solucions tecnol\u00f2giques per a hostaleria, restauraci\u00f3 i equipament d&#8217;oficines, oferint sempre les eines m\u00e9s avan\u00e7ades i eficients.\r\n\r\nCreiem en el poder de la innovaci\u00f3 per optimitzar el teu negoci, millorar els teus processos i augmentar la productivitat.<\/p><\/div><\/div><div class=\"pix-el-text w-100  \" ><p class=\"text-18  text-body-default  \" ><b>M\u00e9s que prove\u00efdors,\r\nsom els teus aliats tecnol\u00f2gics.<\/b><\/p><\/div><a  href=\"https:\/\/www.viladomatofimatica.cat\/contactar\" class=\"btn mb-2     btn-primary d-inline-flex align-items-center pix-hover-item       btn-lg\"     ><svg class=\"pixfort-icon font-weight-bold  pix-hover-left  mr-2\" width=\"24\" height=\"24\"  data-name=\"Line\/pixfort-icon-menu-1\" viewBox=\"2 2 20 20\"><path fill=\"none\" stroke=\"var(--pf-icon-color)\" stroke-linecap=\"round\" stroke-linejoin=\"round\" stroke-width=\"var(--pf-icon-stroke-width)\" d=\"M4,7 L20,7 M4,12 L20,12 M4,17 L20,17\"\/><\/svg><span class=\"font-weight-bold \" >Contacta'ns aqu\u00ed<\/span><\/a>[\/vc_column][vc_column width=&#8221;7\/12&#8243;][vc_row_inner][vc_column_inner width=&#8221;1\/2&#8243; content_align=&#8221;text-center&#8221;][vc_single_image image=&#8221;3938&#8243; img_size=&#8221;300px&#8221; alignment=&#8221;center&#8221; style=&#8221;vc_box_rounded&#8221; css=&#8221;&#8221;][vc_single_image image=&#8221;3934&#8243; img_size=&#8221;300px&#8221; alignment=&#8221;center&#8221; style=&#8221;vc_box_rounded&#8221; css=&#8221;&#8221;][\/vc_column_inner][vc_column_inner width=&#8221;1\/2&#8243;][vc_single_image image=&#8221;3930&#8243; img_size=&#8221;300px&#8221; alignment=&#8221;center&#8221; style=&#8221;vc_box_rounded&#8221; css=&#8221;&#8221;][vc_single_image image=&#8221;3939&#8243; img_size=&#8221;300px&#8221; alignment=&#8221;center&#8221; style=&#8221;vc_box_rounded&#8221; css=&#8221;&#8221;][\/vc_column_inner][\/vc_row_inner][\/vc_column][\/vc_row][\/vc_section][vc_section full_width=&#8221;stretch_row&#8221; pix_over_visibility=&#8221;&#8221; responsive_css=&#8221;{&#8220;pix_res_sm_pt&#8220;:&#8220;20&#8220;,&#8220;pix_res_sm_pb&#8220;:&#8220;20&#8220;,&#8220;pix_res_md_pt&#8220;:&#8220;40&#8220;,&#8220;pix_res_md_pb&#8220;:&#8220;40&#8220;}&#8221; el_id=&#8221;pix_section_services&#8221;][vc_row content_placement=&#8221;middle&#8221; pix_particles_check=&#8221;&#8221;][vc_column]<div id=\"el1726832280213-18977421-c157\" class=\"pix-highlighted-element text-center  vc_custom_1727282311066\"><h2 class=\"pix-highlighted-items \" style=\"\" data-anim-type=\"\" data-anim-delay=\"0\"><span id=\"el1726832280213-18977421-c157-0\" class=\"\"><span class=\"pix-highlighted-text pix-highlight-item font-weight-normal  heading-font text-heading-default\">&nbsp;Transformem el teu espai de treball a&nbsp;<\/span><\/span><\/br><span id=\"el1726832280213-18977421-c157-1\" class=\"pix-highlight-bg align-middle2  el1726832280213-18977421-c157-1 animate-in\" data-anim-type=\"highlight-grow\" data-anim-delay=\"200\"><span class=\"pix-highlighted-text  pix-highlight-item font-weight-normal  font-weight-bold heading-font text-heading-default\">un entorn intel\u00b7ligent<\/span><\/span><\/h2><\/div>[vc_single_image image=&#8221;3967&#8243; img_size=&#8221;&#8221; alignment=&#8221;center&#8221; css=&#8221;&#8221;][\/vc_column][\/vc_row][\/vc_section]<\/div>","protected":false},"excerpt":{"rendered":"[vc_section full_width=&#8221;stretch_row&#8221; pix_over_visibility=&#8221;&#8221; bottom_divider_select=&#8221;4&#8243; bottom_layers=&#8221;1&#8243; responsive_css=&#8221;{&#8220;pix_res_sm_pt&#8220;:&#8220;60&#8220;,&#8220;pix_res_sm_pb&#8220;:&#8220;60&#8220;,&#8220;pix_res_md_pt&#8220;:&#8220;60&#8220;,&#8220;pix_res_md_pb&#8220;:&#8220;60&#8220;}&#8221; css=&#8221;.vc_custom_1605321024982{padding-top: 200px !important;padding-bottom: 120px !important;background-color: #fff7ef !important;}&#8221;][vc_row full_width=&#8221;stretch_row&#8221; content_placement=&#8221;middle&#8221; pix_particles_check=&#8221;&#8221;][vc_column width=&#8221;5\/12&#8243; css=&#8221;.vc_custom_1726850357582{padding-top: 10px !important;padding-bottom: 30px !important;}&#8221;][\/vc_column][vc_column width=&#8221;7\/12&#8243;][vc_row_inner][vc_column_inner width=&#8221;1\/2&#8243; content_align=&#8221;text-center&#8221;][vc_single_image image=&#8221;3938&#8243; img_size=&#8221;300px&#8221; alignment=&#8221;center&#8221; style=&#8221;vc_box_rounded&#8221; css=&#8221;&#8221;][vc_single_image image=&#8221;3934&#8243; img_size=&#8221;300px&#8221; alignment=&#8221;center&#8221; style=&#8221;vc_box_rounded&#8221; css=&#8221;&#8221;][\/vc_column_inner][vc_column_inner width=&#8221;1\/2&#8243;][vc_single_image image=&#8221;3930&#8243; img_size=&#8221;300px&#8221; alignment=&#8221;center&#8221; style=&#8221;vc_box_rounded&#8221;&#8230;","protected":false},"author":1,"featured_media":0,"parent":0,"menu_order":0,"comment_status":"closed","ping_status":"closed","template":"","meta":{"footnotes":""},"class_list":["post-4407","page","type-page","status-publish","hentry"],"yoast_head":"<!-- This site is optimized with the Yoast SEO plugin v27.2 - https:\/\/yoast.com\/product\/yoast-seo-wordpress\/ -->\n<title>Nosaltres - Viladomat Ofim\u00e0tica - Mobiliari hosteleria i ofim\u00e0tica a Manresa, Vic, Berga<\/title>\n<meta name=\"robots\" content=\"index, follow, max-snippet:-1, max-image-preview:large, max-video-preview:-1\" \/>\n<link rel=\"canonical\" href=\"https:\/\/www.viladomatofimatica.cat\/ca\/sobre-nosotros\/\" \/>\n<meta property=\"og:locale\" content=\"ca_ES\" \/>\n<meta property=\"og:type\" content=\"article\" \/>\n<meta property=\"og:title\" content=\"Nosaltres - Viladomat Ofim\u00e0tica - Mobiliari hosteleria i ofim\u00e0tica a Manresa, Vic, Berga\" \/>\n<meta property=\"og:description\" content=\"[vc_section full_width=&#8221;stretch_row&#8221; pix_over_visibility=&#8221;&#8221; bottom_divider_select=&#8221;4&#8243; bottom_layers=&#8221;1&#8243; responsive_css=&#8221;{&#8220;pix_res_sm_pt&#8220;:&#8220;60&#8220;,&#8220;pix_res_sm_pb&#8220;:&#8220;60&#8220;,&#8220;pix_res_md_pt&#8220;:&#8220;60&#8220;,&#8220;pix_res_md_pb&#8220;:&#8220;60&#8220;}&#8221; css=&#8221;.vc_custom_1605321024982{padding-top: 200px !important;padding-bottom: 120px !important;background-color: #fff7ef !important;}&#8221;][vc_row full_width=&#8221;stretch_row&#8221; content_placement=&#8221;middle&#8221; pix_particles_check=&#8221;&#8221;][vc_column width=&#8221;5\/12&#8243; css=&#8221;.vc_custom_1726850357582{padding-top: 10px !important;padding-bottom: 30px !important;}&#8221;][\/vc_column][vc_column width=&#8221;7\/12&#8243;][vc_row_inner][vc_column_inner width=&#8221;1\/2&#8243; content_align=&#8221;text-center&#8221;][vc_single_image image=&#8221;3938&#8243; img_size=&#8221;300px&#8221; alignment=&#8221;center&#8221; style=&#8221;vc_box_rounded&#8221; css=&#8221;&#8221;][vc_single_image image=&#8221;3934&#8243; img_size=&#8221;300px&#8221; alignment=&#8221;center&#8221; style=&#8221;vc_box_rounded&#8221; css=&#8221;&#8221;][\/vc_column_inner][vc_column_inner width=&#8221;1\/2&#8243;][vc_single_image image=&#8221;3930&#8243; img_size=&#8221;300px&#8221; alignment=&#8221;center&#8221; style=&#8221;vc_box_rounded&#8221;...\" \/>\n<meta property=\"og:url\" content=\"https:\/\/www.viladomatofimatica.cat\/ca\/sobre-nosotros\/\" \/>\n<meta property=\"og:site_name\" content=\"Viladomat Ofim\u00e0tica - Mobiliari hosteleria i ofim\u00e0tica a Manresa, Vic, Berga\" \/>\n<meta property=\"article:modified_time\" content=\"2024-09-26T09:12:13+00:00\" \/>\n<meta name=\"twitter:card\" content=\"summary_large_image\" \/>\n<meta name=\"twitter:label1\" content=\"Temps estimat de lectura\" \/>\n\t<meta name=\"twitter:data1\" content=\"4 minuts\" \/>\n<script type=\"application\/ld+json\" class=\"yoast-schema-graph\">{\"@context\":\"https:\/\/schema.org\",\"@graph\":[{\"@type\":\"WebPage\",\"@id\":\"https:\/\/www.viladomatofimatica.cat\/ca\/sobre-nosotros\/\",\"url\":\"https:\/\/www.viladomatofimatica.cat\/ca\/sobre-nosotros\/\",\"name\":\"Nosaltres - Viladomat Ofim\u00e0tica - Mobiliari hosteleria i ofim\u00e0tica a Manresa, Vic, Berga\",\"isPartOf\":{\"@id\":\"https:\/\/www.viladomatofimatica.cat\/ca\/#website\"},\"datePublished\":\"2020-10-27T22:30:12+00:00\",\"dateModified\":\"2024-09-26T09:12:13+00:00\",\"breadcrumb\":{\"@id\":\"https:\/\/www.viladomatofimatica.cat\/ca\/sobre-nosotros\/#breadcrumb\"},\"inLanguage\":\"ca\",\"potentialAction\":[{\"@type\":\"ReadAction\",\"target\":[\"https:\/\/www.viladomatofimatica.cat\/ca\/sobre-nosotros\/\"]}]},{\"@type\":\"BreadcrumbList\",\"@id\":\"https:\/\/www.viladomatofimatica.cat\/ca\/sobre-nosotros\/#breadcrumb\",\"itemListElement\":[{\"@type\":\"ListItem\",\"position\":1,\"name\":\"Portada\",\"item\":\"https:\/\/www.viladomatofimatica.cat\/ca\/inicio\/\"},{\"@type\":\"ListItem\",\"position\":2,\"name\":\"Nosaltres\"}]},{\"@type\":\"WebSite\",\"@id\":\"https:\/\/www.viladomatofimatica.cat\/ca\/#website\",\"url\":\"https:\/\/www.viladomatofimatica.cat\/ca\/\",\"name\":\"Viladomat Ofim\u00e0tica - Solucions hostaleria i ofim\u00e0tica a Manresa, Vic, Berga\",\"description\":\"Mobiliari hosteleria i ofimatica a Manresa, Vic, Berga\",\"publisher\":{\"@id\":\"https:\/\/www.viladomatofimatica.cat\/ca\/#organization\"},\"potentialAction\":[{\"@type\":\"SearchAction\",\"target\":{\"@type\":\"EntryPoint\",\"urlTemplate\":\"https:\/\/www.viladomatofimatica.cat\/ca\/?s={search_term_string}\"},\"query-input\":{\"@type\":\"PropertyValueSpecification\",\"valueRequired\":true,\"valueName\":\"search_term_string\"}}],\"inLanguage\":\"ca\"},{\"@type\":\"Organization\",\"@id\":\"https:\/\/www.viladomatofimatica.cat\/ca\/#organization\",\"name\":\"Viladomat Ofim\u00e0tica - Solucions hostaleria i ofim\u00e0tica a Manresa, Vic, Berga\",\"url\":\"https:\/\/www.viladomatofimatica.cat\/ca\/\",\"logo\":{\"@type\":\"ImageObject\",\"inLanguage\":\"ca\",\"@id\":\"https:\/\/www.viladomatofimatica.cat\/ca\/#\/schema\/logo\/image\/\",\"url\":\"https:\/\/www.viladomatofimatica.cat\/wp-content\/uploads\/2025\/03\/img-logo-viladomat-ofimatica-20251.jpg\",\"contentUrl\":\"https:\/\/www.viladomatofimatica.cat\/wp-content\/uploads\/2025\/03\/img-logo-viladomat-ofimatica-20251.jpg\",\"width\":250,\"height\":100,\"caption\":\"Viladomat Ofim\u00e0tica - Solucions hostaleria i ofim\u00e0tica a Manresa, Vic, Berga\"},\"image\":{\"@id\":\"https:\/\/www.viladomatofimatica.cat\/ca\/#\/schema\/logo\/image\/\"},\"sameAs\":[\"https:\/\/www.instagram.com\/viladomatofimatica\/\"]}]}<\/script>\n<!-- \/ Yoast SEO plugin. -->","yoast_head_json":{"title":"Nosaltres - Viladomat Ofim\u00e0tica - Mobiliari hosteleria i ofim\u00e0tica a Manresa, Vic, Berga","robots":{"index":"index","follow":"follow","max-snippet":"max-snippet:-1","max-image-preview":"max-image-preview:large","max-video-preview":"max-video-preview:-1"},"canonical":"https:\/\/www.viladomatofimatica.cat\/ca\/sobre-nosotros\/","og_locale":"ca_ES","og_type":"article","og_title":"Nosaltres - Viladomat Ofim\u00e0tica - Mobiliari hosteleria i ofim\u00e0tica a Manresa, Vic, Berga","og_description":"[vc_section full_width=&#8221;stretch_row&#8221; pix_over_visibility=&#8221;&#8221; bottom_divider_select=&#8221;4&#8243; bottom_layers=&#8221;1&#8243; responsive_css=&#8221;{&#8220;pix_res_sm_pt&#8220;:&#8220;60&#8220;,&#8220;pix_res_sm_pb&#8220;:&#8220;60&#8220;,&#8220;pix_res_md_pt&#8220;:&#8220;60&#8220;,&#8220;pix_res_md_pb&#8220;:&#8220;60&#8220;}&#8221; css=&#8221;.vc_custom_1605321024982{padding-top: 200px !important;padding-bottom: 120px !important;background-color: #fff7ef !important;}&#8221;][vc_row full_width=&#8221;stretch_row&#8221; content_placement=&#8221;middle&#8221; pix_particles_check=&#8221;&#8221;][vc_column width=&#8221;5\/12&#8243; css=&#8221;.vc_custom_1726850357582{padding-top: 10px !important;padding-bottom: 30px !important;}&#8221;][\/vc_column][vc_column width=&#8221;7\/12&#8243;][vc_row_inner][vc_column_inner width=&#8221;1\/2&#8243; content_align=&#8221;text-center&#8221;][vc_single_image image=&#8221;3938&#8243; img_size=&#8221;300px&#8221; alignment=&#8221;center&#8221; style=&#8221;vc_box_rounded&#8221; css=&#8221;&#8221;][vc_single_image image=&#8221;3934&#8243; img_size=&#8221;300px&#8221; alignment=&#8221;center&#8221; style=&#8221;vc_box_rounded&#8221; css=&#8221;&#8221;][\/vc_column_inner][vc_column_inner width=&#8221;1\/2&#8243;][vc_single_image image=&#8221;3930&#8243; img_size=&#8221;300px&#8221; alignment=&#8221;center&#8221; style=&#8221;vc_box_rounded&#8221;...","og_url":"https:\/\/www.viladomatofimatica.cat\/ca\/sobre-nosotros\/","og_site_name":"Viladomat Ofim\u00e0tica - Mobiliari hosteleria i ofim\u00e0tica a Manresa, Vic, Berga","article_modified_time":"2024-09-26T09:12:13+00:00","twitter_card":"summary_large_image","twitter_misc":{"Temps estimat de lectura":"4 minuts"},"schema":{"@context":"https:\/\/schema.org","@graph":[{"@type":"WebPage","@id":"https:\/\/www.viladomatofimatica.cat\/ca\/sobre-nosotros\/","url":"https:\/\/www.viladomatofimatica.cat\/ca\/sobre-nosotros\/","name":"Nosaltres - Viladomat Ofim\u00e0tica - Mobiliari hosteleria i ofim\u00e0tica a Manresa, Vic, Berga","isPartOf":{"@id":"https:\/\/www.viladomatofimatica.cat\/ca\/#website"},"datePublished":"2020-10-27T22:30:12+00:00","dateModified":"2024-09-26T09:12:13+00:00","breadcrumb":{"@id":"https:\/\/www.viladomatofimatica.cat\/ca\/sobre-nosotros\/#breadcrumb"},"inLanguage":"ca","potentialAction":[{"@type":"ReadAction","target":["https:\/\/www.viladomatofimatica.cat\/ca\/sobre-nosotros\/"]}]},{"@type":"BreadcrumbList","@id":"https:\/\/www.viladomatofimatica.cat\/ca\/sobre-nosotros\/#breadcrumb","itemListElement":[{"@type":"ListItem","position":1,"name":"Portada","item":"https:\/\/www.viladomatofimatica.cat\/ca\/inicio\/"},{"@type":"ListItem","position":2,"name":"Nosaltres"}]},{"@type":"WebSite","@id":"https:\/\/www.viladomatofimatica.cat\/ca\/#website","url":"https:\/\/www.viladomatofimatica.cat\/ca\/","name":"Viladomat Ofim\u00e0tica - Solucions hostaleria i ofim\u00e0tica a Manresa, Vic, Berga","description":"Mobiliari hosteleria i ofimatica a Manresa, Vic, Berga","publisher":{"@id":"https:\/\/www.viladomatofimatica.cat\/ca\/#organization"},"potentialAction":[{"@type":"SearchAction","target":{"@type":"EntryPoint","urlTemplate":"https:\/\/www.viladomatofimatica.cat\/ca\/?s={search_term_string}"},"query-input":{"@type":"PropertyValueSpecification","valueRequired":true,"valueName":"search_term_string"}}],"inLanguage":"ca"},{"@type":"Organization","@id":"https:\/\/www.viladomatofimatica.cat\/ca\/#organization","name":"Viladomat Ofim\u00e0tica - Solucions hostaleria i ofim\u00e0tica a Manresa, Vic, Berga","url":"https:\/\/www.viladomatofimatica.cat\/ca\/","logo":{"@type":"ImageObject","inLanguage":"ca","@id":"https:\/\/www.viladomatofimatica.cat\/ca\/#\/schema\/logo\/image\/","url":"https:\/\/www.viladomatofimatica.cat\/wp-content\/uploads\/2025\/03\/img-logo-viladomat-ofimatica-20251.jpg","contentUrl":"https:\/\/www.viladomatofimatica.cat\/wp-content\/uploads\/2025\/03\/img-logo-viladomat-ofimatica-20251.jpg","width":250,"height":100,"caption":"Viladomat Ofim\u00e0tica - Solucions hostaleria i ofim\u00e0tica a Manresa, Vic, Berga"},"image":{"@id":"https:\/\/www.viladomatofimatica.cat\/ca\/#\/schema\/logo\/image\/"},"sameAs":["https:\/\/www.instagram.com\/viladomatofimatica\/"]}]}},"_links":{"self":[{"href":"https:\/\/www.viladomatofimatica.cat\/ca\/wp-json\/wp\/v2\/pages\/4407","targetHints":{"allow":["GET"]}}],"collection":[{"href":"https:\/\/www.viladomatofimatica.cat\/ca\/wp-json\/wp\/v2\/pages"}],"about":[{"href":"https:\/\/www.viladomatofimatica.cat\/ca\/wp-json\/wp\/v2\/types\/page"}],"author":[{"embeddable":true,"href":"https:\/\/www.viladomatofimatica.cat\/ca\/wp-json\/wp\/v2\/users\/1"}],"replies":[{"embeddable":true,"href":"https:\/\/www.viladomatofimatica.cat\/ca\/wp-json\/wp\/v2\/comments?post=4407"}],"version-history":[{"count":5,"href":"https:\/\/www.viladomatofimatica.cat\/ca\/wp-json\/wp\/v2\/pages\/4407\/revisions"}],"predecessor-version":[{"id":4437,"href":"https:\/\/www.viladomatofimatica.cat\/ca\/wp-json\/wp\/v2\/pages\/4407\/revisions\/4437"}],"wp:attachment":[{"href":"https:\/\/www.viladomatofimatica.cat\/ca\/wp-json\/wp\/v2\/media?parent=4407"}],"curies":[{"name":"wp","href":"https:\/\/api.w.org\/{rel}","templated":true}]}}